{"id":9,"date":"2019-11-09T13:10:52","date_gmt":"2019-11-09T13:10:52","guid":{"rendered":"http:\/\/lumiflag.de\/?page_id=9"},"modified":"2021-09-16T09:56:29","modified_gmt":"2021-09-16T09:56:29","slug":"orden-ahnen","status":"publish","type":"page","link":"http:\/\/uhuhilf.de\/?page_id=9","title":{"rendered":"Orden Ahnen"},"content":{"rendered":"\n<p><\/p>\n\n\n\n<div class=\"wp-block-cover has-background-dim\"><img loading=\"lazy\" decoding=\"async\" width=\"1523\" height=\"1040\" class=\"wp-block-cover__image-background wp-image-258\" alt=\"\" src=\"http:\/\/lumiflag.de\/wp-content\/uploads\/2019\/11\/Ahnen-Orden.png\" data-object-fit=\"cover\" srcset=\"http:\/\/uhuhilf.de\/wp-content\/uploads\/2019\/11\/Ahnen-Orden.png 1523w, http:\/\/uhuhilf.de\/wp-content\/uploads\/2019\/11\/Ahnen-Orden-300x205.png 300w, http:\/\/uhuhilf.de\/wp-content\/uploads\/2019\/11\/Ahnen-Orden-768x524.png 768w, http:\/\/uhuhilf.de\/wp-content\/uploads\/2019\/11\/Ahnen-Orden-1024x699.png 1024w\" sizes=\"auto, (max-width: 1523px) 100vw, 1523px\" \/><div class=\"wp-block-cover__inner-container is-layout-flow wp-block-cover-is-layout-flow\">\n<p class=\"has-text-align-center has-luminous-vivid-amber-color has-text-color\" style=\"font-size:80px\"><strong>Orden und Ahnen<\/strong><\/p>\n<\/div><\/div>\n\n\n<hr>\n<hr>\n\n\n<p class=\"has-text-align-center has-vivid-cyan-blue-color has-luminous-vivid-amber-background-color has-text-color has-background has-large-font-size\"><strong>Die Stoff-Ahnen oder Abzeichen<\/strong><\/p>\n\n\n\n<div class=\"wp-block-media-text alignwide is-stacked-on-mobile has-luminous-vivid-amber-background-color has-background\" style=\"grid-template-columns:40% auto\"><figure class=\"wp-block-media-text__media\"><img loading=\"lazy\" decoding=\"async\" width=\"1024\" height=\"768\" src=\"http:\/\/lumiflag.de\/wp-content\/uploads\/2019\/11\/015-1024x768.jpg\" alt=\"\" class=\"wp-image-261 size-full\" srcset=\"http:\/\/uhuhilf.de\/wp-content\/uploads\/2019\/11\/015-1024x768.jpg 1024w, http:\/\/uhuhilf.de\/wp-content\/uploads\/2019\/11\/015-300x225.jpg 300w, http:\/\/uhuhilf.de\/wp-content\/uploads\/2019\/11\/015-768x576.jpg 768w\" sizes=\"auto, (max-width: 1024px) 100vw, 1024px\" \/><\/figure><div class=\"wp-block-media-text__content\">\n<p class=\"has-large-font-size\"> Stickautomat <\/p>\n\n\n\n<p>Die Stoff Ahnen werden auf einem \u201eStickcomputer\u201c \u2013 Automat hergestellt.<\/p>\n\n\n\n<p>Die Menge ist preisentscheidend.<\/p>\n<\/div><\/div>\n\n\n\n<div class=\"wp-block-media-text alignwide has-media-on-the-right is-stacked-on-mobile has-luminous-vivid-amber-background-color has-background\" style=\"grid-template-columns:auto 40%\"><figure class=\"wp-block-media-text__media\"><img loading=\"lazy\" decoding=\"async\" width=\"915\" height=\"879\" src=\"http:\/\/lumiflag.de\/wp-content\/uploads\/2019\/11\/Stoffabzeichen.png\" alt=\"\" class=\"wp-image-263 size-full\" srcset=\"http:\/\/uhuhilf.de\/wp-content\/uploads\/2019\/11\/Stoffabzeichen.png 915w, http:\/\/uhuhilf.de\/wp-content\/uploads\/2019\/11\/Stoffabzeichen-300x288.png 300w, http:\/\/uhuhilf.de\/wp-content\/uploads\/2019\/11\/Stoffabzeichen-768x738.png 768w\" sizes=\"auto, (max-width: 915px) 100vw, 915px\" \/><\/figure><div class=\"wp-block-media-text__content\">\n<p class=\"has-large-font-size\"> Ahnen aus Stoff <\/p>\n\n\n\n<p> in fast jeder G\u00f6\u00dfe und in s\u00e4mtlichen Farben die das Stickgarn anbietet <\/p>\n<\/div><\/div>\n\n\n<hr>\n<hr>\n\n\n<p class=\"has-text-align-center has-luminous-vivid-amber-color has-vivid-cyan-blue-background-color has-text-color has-background has-large-font-size\"><strong>Die Metall Ahnen und Orden <\/strong><\/p>\n\n\n\n<p class=\"has-text-align-center has-very-light-gray-background-color has-background has-medium-font-size\"><strong>Die Pr\u00e4ge M\u00f6glichkeiten<\/strong><\/p>\n\n\n\n<div class=\"wp-block-media-text alignwide is-stacked-on-mobile has-luminous-vivid-amber-background-color has-background\" style=\"grid-template-columns:40% auto\"><figure class=\"wp-block-media-text__media\"><img loading=\"lazy\" decoding=\"async\" width=\"757\" height=\"408\" src=\"http:\/\/lumiflag.de\/wp-content\/uploads\/2019\/11\/2D-fabig.jpg\" alt=\"\" class=\"wp-image-265 size-full\" srcset=\"http:\/\/uhuhilf.de\/wp-content\/uploads\/2019\/11\/2D-fabig.jpg 757w, http:\/\/uhuhilf.de\/wp-content\/uploads\/2019\/11\/2D-fabig-300x162.jpg 300w\" sizes=\"auto, (max-width: 757px) 100vw, 757px\" \/><\/figure><div class=\"wp-block-media-text__content\">\n<p class=\"has-large-font-size\"> Mehrfarbig bedruckt <\/p>\n<\/div><\/div>\n\n\n\n<div class=\"wp-block-media-text alignwide has-media-on-the-right is-stacked-on-mobile has-luminous-vivid-amber-background-color has-background\" style=\"grid-template-columns:auto 40%\"><figure class=\"wp-block-media-text__media\"><img loading=\"lazy\" decoding=\"async\" width=\"390\" height=\"221\" src=\"http:\/\/lumiflag.de\/wp-content\/uploads\/2019\/11\/Mehrfabig-gedruckt.jpg\" alt=\"\" class=\"wp-image-264 size-full\" srcset=\"http:\/\/uhuhilf.de\/wp-content\/uploads\/2019\/11\/Mehrfabig-gedruckt.jpg 390w, http:\/\/uhuhilf.de\/wp-content\/uploads\/2019\/11\/Mehrfabig-gedruckt-300x170.jpg 300w\" sizes=\"auto, (max-width: 390px) 100vw, 390px\" \/><\/figure><div class=\"wp-block-media-text__content\">\n<p class=\"has-large-font-size\"> 2D und mehrfarbig bedruckt <\/p>\n<\/div><\/div>\n\n\n\n<div class=\"wp-block-media-text alignwide is-stacked-on-mobile has-luminous-vivid-amber-background-color has-background\" style=\"grid-template-columns:40% auto\"><figure class=\"wp-block-media-text__media\"><img loading=\"lazy\" decoding=\"async\" width=\"300\" height=\"228\" src=\"http:\/\/lumiflag.de\/wp-content\/uploads\/2019\/11\/3D-praegung.jpg\" alt=\"\" class=\"wp-image-266 size-full\"\/><\/figure><div class=\"wp-block-media-text__content\">\n<p class=\"has-large-font-size\"> 3 D Pr\u00e4gung <\/p>\n<\/div><\/div>\n\n\n<hr>\n<hr>\n\n\n<p class=\"has-text-align-center has-luminous-vivid-amber-color has-vivid-cyan-blue-background-color has-text-color has-background has-large-font-size\"><strong>Ein Orden entsteht<\/strong><\/p>\n\n\n\n<div class=\"wp-block-media-text alignwide has-media-on-the-right is-stacked-on-mobile has-luminous-vivid-amber-background-color has-background\"><figure class=\"wp-block-media-text__media\"><img loading=\"lazy\" decoding=\"async\" width=\"670\" height=\"377\" src=\"http:\/\/lumiflag.de\/wp-content\/uploads\/2019\/11\/Lethe-1.jpg\" alt=\"\" class=\"wp-image-267 size-full\" srcset=\"http:\/\/uhuhilf.de\/wp-content\/uploads\/2019\/11\/Lethe-1.jpg 670w, http:\/\/uhuhilf.de\/wp-content\/uploads\/2019\/11\/Lethe-1-300x169.jpg 300w\" sizes=\"auto, (max-width: 670px) 100vw, 670px\" \/><\/figure><div class=\"wp-block-media-text__content\">\n<p class=\"has-large-font-size\"> Der Letheorden <\/p>\n<\/div><\/div>\n\n\n\n<p class=\"has-text-align-center has-very-light-gray-background-color has-background\"><strong>Nach einem ausgiebigen Gespr\u00e4ch mit dem Ritter wird eine Handskizze gefertigt und dann setzen sich die Gneisenaus hin und fertigen einen Entwurf.<\/strong><\/p>\n\n\n\n<div class=\"wp-block-image is-style-default\"><figure class=\"aligncenter size-large is-resized\"><img decoding=\"async\" src=\"http:\/\/lumiflag.de\/wp-content\/uploads\/2019\/11\/Ablauf-Letheorden-kl-1024x790.jpg\" alt=\"\" class=\"wp-image-316\" width=\"800\" srcset=\"http:\/\/uhuhilf.de\/wp-content\/uploads\/2019\/11\/Ablauf-Letheorden-kl-1024x790.jpg 1024w, http:\/\/uhuhilf.de\/wp-content\/uploads\/2019\/11\/Ablauf-Letheorden-kl-300x231.jpg 300w, http:\/\/uhuhilf.de\/wp-content\/uploads\/2019\/11\/Ablauf-Letheorden-kl-768x592.jpg 768w, http:\/\/uhuhilf.de\/wp-content\/uploads\/2019\/11\/Ablauf-Letheorden-kl-1536x1185.jpg 1536w, http:\/\/uhuhilf.de\/wp-content\/uploads\/2019\/11\/Ablauf-Letheorden-kl.jpg 1639w\" sizes=\"(max-width: 1024px) 100vw, 1024px\" \/><\/figure><\/div>\n\n\n\n<div class=\"wp-block-media-text alignwide is-stacked-on-mobile has-very-light-gray-background-color has-background\" style=\"grid-template-columns:30% auto\"><figure class=\"wp-block-media-text__media\"><img loading=\"lazy\" decoding=\"async\" width=\"1010\" height=\"1024\" src=\"http:\/\/lumiflag.de\/wp-content\/uploads\/2019\/11\/Lethe-Vorzeichnung-1010x1024.jpg\" alt=\"\" class=\"wp-image-317 size-full\" srcset=\"http:\/\/uhuhilf.de\/wp-content\/uploads\/2019\/11\/Lethe-Vorzeichnung-1010x1024.jpg 1010w, http:\/\/uhuhilf.de\/wp-content\/uploads\/2019\/11\/Lethe-Vorzeichnung-296x300.jpg 296w, http:\/\/uhuhilf.de\/wp-content\/uploads\/2019\/11\/Lethe-Vorzeichnung-768x778.jpg 768w, http:\/\/uhuhilf.de\/wp-content\/uploads\/2019\/11\/Lethe-Vorzeichnung-50x50.jpg 50w, http:\/\/uhuhilf.de\/wp-content\/uploads\/2019\/11\/Lethe-Vorzeichnung.jpg 1480w\" sizes=\"auto, (max-width: 1010px) 100vw, 1010px\" \/><\/figure><div class=\"wp-block-media-text__content\">\n<p class=\"has-large-font-size\">Produktionszeichnung<\/p>\n\n\n\n<p>zur Freigabe des Auftrages<\/p>\n<\/div><\/div>\n\n\n\n<div class=\"wp-block-media-text alignwide has-media-on-the-right is-stacked-on-mobile has-very-light-gray-background-color has-background\" style=\"grid-template-columns:auto 20%\"><figure class=\"wp-block-media-text__media\"><img loading=\"lazy\" decoding=\"async\" width=\"576\" height=\"1024\" src=\"http:\/\/lumiflag.de\/wp-content\/uploads\/2019\/11\/Lethe-orden-13-576x1024.jpg\" alt=\"\" class=\"wp-image-318 size-full\" srcset=\"http:\/\/uhuhilf.de\/wp-content\/uploads\/2019\/11\/Lethe-orden-13-576x1024.jpg 576w, http:\/\/uhuhilf.de\/wp-content\/uploads\/2019\/11\/Lethe-orden-13-169x300.jpg 169w, http:\/\/uhuhilf.de\/wp-content\/uploads\/2019\/11\/Lethe-orden-13-768x1366.jpg 768w, http:\/\/uhuhilf.de\/wp-content\/uploads\/2019\/11\/Lethe-orden-13-864x1536.jpg 864w, http:\/\/uhuhilf.de\/wp-content\/uploads\/2019\/11\/Lethe-orden-13-1151x2048.jpg 1151w, http:\/\/uhuhilf.de\/wp-content\/uploads\/2019\/11\/Lethe-orden-13-scaled.jpg 1439w\" sizes=\"auto, (max-width: 576px) 100vw, 576px\" \/><\/figure><div class=\"wp-block-media-text__content\">\n<p class=\"has-large-font-size\">Der fertige Orden<\/p>\n<\/div><\/div>\n\n\n<hr>\n<hr>\n<h2 style=\"text-align: center;\"><span style=\"color: #ff0000;\">Die g\u00e4ngigen Ahnen<\/span><\/h2>\n<p><\/p>\n\n\n<figure class=\"wp-block-image size-large\"><img loading=\"lazy\" decoding=\"async\" width=\"1024\" height=\"750\" src=\"http:\/\/lumiflag.de\/wp-content\/uploads\/2021\/09\/Schlaraffia-Ahnen-1-1024x750.png\" alt=\"\" class=\"wp-image-540\" srcset=\"http:\/\/uhuhilf.de\/wp-content\/uploads\/2021\/09\/Schlaraffia-Ahnen-1-1024x750.png 1024w, http:\/\/uhuhilf.de\/wp-content\/uploads\/2021\/09\/Schlaraffia-Ahnen-1-300x220.png 300w, http:\/\/uhuhilf.de\/wp-content\/uploads\/2021\/09\/Schlaraffia-Ahnen-1-768x562.png 768w, http:\/\/uhuhilf.de\/wp-content\/uploads\/2021\/09\/Schlaraffia-Ahnen-1-1536x1125.png 1536w, http:\/\/uhuhilf.de\/wp-content\/uploads\/2021\/09\/Schlaraffia-Ahnen-1-2048x1500.png 2048w, http:\/\/uhuhilf.de\/wp-content\/uploads\/2021\/09\/Schlaraffia-Ahnen-1-1475x1080.png 1475w\" sizes=\"auto, (max-width: 1024px) 100vw, 1024px\" \/><\/figure>\n\n\n\n<p class=\"has-text-align-center has-yellow-color has-grey-background-color has-text-color has-background has-large-font-size\"><strong>Die W\u00fcrdentr\u00e4ger Orden<\/strong><\/p>\n\n\n\n<figure class=\"wp-block-gallery aligncenter columns-3 is-cropped wp-block-gallery-1 is-layout-flex wp-block-gallery-is-layout-flex\"><ul class=\"blocks-gallery-grid\"><li class=\"blocks-gallery-item\"><figure><img loading=\"lazy\" decoding=\"async\" width=\"300\" height=\"284\" src=\"http:\/\/lumiflag.de\/wp-content\/uploads\/2019\/11\/Cerimonienmeister-1-300x284.jpg\" alt=\"\" data-id=\"287\" data-link=\"http:\/\/lumiflag.de\/?attachment_id=287\" class=\"wp-image-287\" srcset=\"http:\/\/uhuhilf.de\/wp-content\/uploads\/2019\/11\/Cerimonienmeister-1-300x284.jpg 300w, http:\/\/uhuhilf.de\/wp-content\/uploads\/2019\/11\/Cerimonienmeister-1.jpg 519w\" sizes=\"auto, (max-width: 300px) 100vw, 300px\" \/><\/figure><\/li><li class=\"blocks-gallery-item\"><figure><img loading=\"lazy\" decoding=\"async\" width=\"300\" height=\"298\" src=\"http:\/\/lumiflag.de\/wp-content\/uploads\/2019\/11\/Herrlichkeit-1-300x298.jpg\" alt=\"\" data-id=\"288\" data-link=\"http:\/\/lumiflag.de\/?attachment_id=288\" class=\"wp-image-288\" srcset=\"http:\/\/uhuhilf.de\/wp-content\/uploads\/2019\/11\/Herrlichkeit-1-300x298.jpg 300w, http:\/\/uhuhilf.de\/wp-content\/uploads\/2019\/11\/Herrlichkeit-1-150x150.jpg 150w, http:\/\/uhuhilf.de\/wp-content\/uploads\/2019\/11\/Herrlichkeit-1-50x50.jpg 50w, http:\/\/uhuhilf.de\/wp-content\/uploads\/2019\/11\/Herrlichkeit-1.jpg 528w\" sizes=\"auto, (max-width: 300px) 100vw, 300px\" \/><\/figure><\/li><li class=\"blocks-gallery-item\"><figure><img loading=\"lazy\" decoding=\"async\" width=\"300\" height=\"286\" src=\"http:\/\/lumiflag.de\/wp-content\/uploads\/2019\/11\/Junkermeister-1-300x286.jpg\" alt=\"\" data-id=\"289\" data-link=\"http:\/\/lumiflag.de\/?attachment_id=289\" class=\"wp-image-289\" srcset=\"http:\/\/uhuhilf.de\/wp-content\/uploads\/2019\/11\/Junkermeister-1-300x286.jpg 300w, http:\/\/uhuhilf.de\/wp-content\/uploads\/2019\/11\/Junkermeister-1.jpg 583w\" sizes=\"auto, (max-width: 300px) 100vw, 300px\" \/><\/figure><\/li><li class=\"blocks-gallery-item\"><figure><img loading=\"lazy\" decoding=\"async\" width=\"300\" height=\"283\" src=\"http:\/\/lumiflag.de\/wp-content\/uploads\/2019\/11\/Kantzler-1-300x283.jpg\" alt=\"\" data-id=\"290\" data-link=\"http:\/\/lumiflag.de\/?attachment_id=290\" class=\"wp-image-290\" srcset=\"http:\/\/uhuhilf.de\/wp-content\/uploads\/2019\/11\/Kantzler-1-300x283.jpg 300w, http:\/\/uhuhilf.de\/wp-content\/uploads\/2019\/11\/Kantzler-1.jpg 695w\" sizes=\"auto, (max-width: 300px) 100vw, 300px\" \/><\/figure><\/li><li class=\"blocks-gallery-item\"><figure><img loading=\"lazy\" decoding=\"async\" width=\"300\" height=\"289\" src=\"http:\/\/lumiflag.de\/wp-content\/uploads\/2019\/11\/Marschall-1-300x289.jpg\" alt=\"\" data-id=\"291\" data-link=\"http:\/\/lumiflag.de\/?attachment_id=291\" class=\"wp-image-291\" srcset=\"http:\/\/uhuhilf.de\/wp-content\/uploads\/2019\/11\/Marschall-1-300x289.jpg 300w, http:\/\/uhuhilf.de\/wp-content\/uploads\/2019\/11\/Marschall-1.jpg 663w\" sizes=\"auto, (max-width: 300px) 100vw, 300px\" \/><\/figure><\/li><\/ul><\/figure>\n\n\n\n<p><\/p>\n\n\n<hr>\n<hr>\n\n\n<div class=\"wp-block-columns is-layout-flex wp-container-core-columns-is-layout-9d6595d7 wp-block-columns-is-layout-flex\">\n<div class=\"wp-block-column is-layout-flow wp-block-column-is-layout-flow\" style=\"flex-basis:100%\"><div\n\t\t\t\n\t\t\tclass=\"so-widget-sow-button so-widget-sow-button-atom-d2ffc4a956b5\"\n\t\t\t\n\t\t><div class=\"ow-button-base ow-button-align-center\"\n>\n\t\t\t<a\n\t\t\t\t\thref=\"http:\/\/www.fahnen-koch.de\"\n\t\t\t\t\tclass=\"sowb-button ow-icon-placement-left ow-button-hover\" \t>\n\t\t<span>\n\t\t\t<span class=\"sow-icon-fontawesome sow-fab\" data-sow-icon=\"&#xf39a;\"\n\t\tstyle=\"color: #ffe923\" \n\t\taria-hidden=\"true\"><\/span>\n\t\t\tUnsere profahne Frohnburg\t\t<\/span>\n\t\t\t<\/a>\n\t<\/div>\n<\/div><\/div>\n<\/div>\n\n\n<hr>\n<hr>\n\n<div id=\"pl-gb9-69d3635c1cfaf\"  class=\"panel-layout\" ><div id=\"pg-gb9-69d3635c1cfaf-0\"  class=\"panel-grid panel-no-style\" ><div id=\"pgc-gb9-69d3635c1cfaf-0-0\"  class=\"panel-grid-cell\" ><div id=\"panel-gb9-69d3635c1cfaf-0-0-0\" class=\"so-panel widget widget_media_image panel-first-child panel-last-child\" data-index=\"0\" ><div style=\"width: 422px\" class=\"wp-caption alignnone\"><a href=\"http:\/\/www.fahnen-koch.de\"><img loading=\"lazy\" decoding=\"async\" width=\"412\" height=\"158\" src=\"http:\/\/uhuhilf.de\/wp-content\/uploads\/2023\/12\/Firmenlogo_FAKOTHUE.png\" class=\"image wp-image-575  attachment-full size-full\" alt=\"Firmenlogo der Manufaktur\" style=\"max-width: 100%; height: auto;\" srcset=\"http:\/\/uhuhilf.de\/wp-content\/uploads\/2023\/12\/Firmenlogo_FAKOTHUE.png 412w, http:\/\/uhuhilf.de\/wp-content\/uploads\/2023\/12\/Firmenlogo_FAKOTHUE-300x115.png 300w\" sizes=\"auto, (max-width: 412px) 100vw, 412px\" \/><\/a><p class=\"wp-caption-text\">Unser Firmenlogo<\/p><\/div><\/div><\/div><div id=\"pgc-gb9-69d3635c1cfaf-0-1\"  class=\"panel-grid-cell\" ><div id=\"panel-gb9-69d3635c1cfaf-0-1-0\" class=\"so-panel widget widget_media_image panel-first-child panel-last-child\" data-index=\"1\" ><img loading=\"lazy\" decoding=\"async\" width=\"111\" height=\"143\" src=\"http:\/\/uhuhilf.de\/wp-content\/uploads\/2019\/11\/Die-Gneisenaus-sehr-kl.png\" class=\"image wp-image-50  attachment-116x150 size-116x150\" alt=\"\" style=\"max-width: 100%; height: auto;\" \/><\/div><\/div><div id=\"pgc-gb9-69d3635c1cfaf-0-2\"  class=\"panel-grid-cell\" ><div id=\"panel-gb9-69d3635c1cfaf-0-2-0\" class=\"so-panel widget widget_media_image panel-first-child panel-last-child\" data-index=\"2\" ><img loading=\"lazy\" decoding=\"async\" width=\"143\" height=\"200\" src=\"http:\/\/uhuhilf.de\/wp-content\/uploads\/2019\/11\/Fan-Fan-214x300.png\" class=\"image wp-image-215  attachment-143x200 size-143x200\" alt=\"\" style=\"max-width: 100%; height: auto;\" srcset=\"http:\/\/uhuhilf.de\/wp-content\/uploads\/2019\/11\/Fan-Fan-214x300.png 214w, http:\/\/uhuhilf.de\/wp-content\/uploads\/2019\/11\/Fan-Fan-768x1077.png 768w, http:\/\/uhuhilf.de\/wp-content\/uploads\/2019\/11\/Fan-Fan-730x1024.png 730w, http:\/\/uhuhilf.de\/wp-content\/uploads\/2019\/11\/Fan-Fan.png 805w\" sizes=\"auto, (max-width: 143px) 100vw, 143px\" \/><\/div><\/div><div id=\"pgc-gb9-69d3635c1cfaf-0-3\"  class=\"panel-grid-cell\" ><div id=\"panel-gb9-69d3635c1cfaf-0-3-0\" class=\"so-panel widget widget_media_image panel-first-child panel-last-child\" data-index=\"3\" ><img loading=\"lazy\" decoding=\"async\" width=\"143\" height=\"200\" src=\"http:\/\/uhuhilf.de\/wp-content\/uploads\/2019\/11\/Fan-Goch-214x300.png\" class=\"image wp-image-216  attachment-143x200 size-143x200\" alt=\"\" style=\"max-width: 100%; height: auto;\" srcset=\"http:\/\/uhuhilf.de\/wp-content\/uploads\/2019\/11\/Fan-Goch-214x300.png 214w, http:\/\/uhuhilf.de\/wp-content\/uploads\/2019\/11\/Fan-Goch-768x1077.png 768w, http:\/\/uhuhilf.de\/wp-content\/uploads\/2019\/11\/Fan-Goch-730x1024.png 730w, http:\/\/uhuhilf.de\/wp-content\/uploads\/2019\/11\/Fan-Goch.png 806w\" sizes=\"auto, (max-width: 143px) 100vw, 143px\" \/><\/div><\/div><\/div><\/div>","protected":false},"excerpt":{"rendered":"<p>Die Stoff-Ahnen oder Abzeichen Stickautomat Die Stoff Ahnen werden auf einem \u201eStickcomputer\u201c \u2013 Automat hergestellt. Die Menge ist preisentscheidend. Ahnen aus Stoff in fast jeder G\u00f6\u00dfe und in s\u00e4mtlichen Farben die das Stickgarn anbietet Die Metall Ahnen und Orden Die Pr\u00e4ge M\u00f6glichkeiten Mehrfarbig bedruckt 2D und mehrfarbig bedruckt 3 D Pr\u00e4gung Ein Orden entsteht Der&hellip; <br \/> <a class=\"read-more\" href=\"http:\/\/uhuhilf.de\/?page_id=9\">Weiterlesen<\/a><\/p>\n","protected":false},"author":1,"featured_media":0,"parent":0,"menu_order":0,"comment_status":"closed","ping_status":"closed","template":"","meta":{"footnotes":""},"class_list":["post-9","page","type-page","status-publish","hentry"],"aioseo_notices":[],"_links":{"self":[{"href":"http:\/\/uhuhilf.de\/index.php?rest_route=\/wp\/v2\/pages\/9","targetHints":{"allow":["GET"]}}],"collection":[{"href":"http:\/\/uhuhilf.de\/index.php?rest_route=\/wp\/v2\/pages"}],"about":[{"href":"http:\/\/uhuhilf.de\/index.php?rest_route=\/wp\/v2\/types\/page"}],"author":[{"embeddable":true,"href":"http:\/\/uhuhilf.de\/index.php?rest_route=\/wp\/v2\/users\/1"}],"replies":[{"embeddable":true,"href":"http:\/\/uhuhilf.de\/index.php?rest_route=%2Fwp%2Fv2%2Fcomments&post=9"}],"version-history":[{"count":0,"href":"http:\/\/uhuhilf.de\/index.php?rest_route=\/wp\/v2\/pages\/9\/revisions"}],"wp:attachment":[{"href":"http:\/\/uhuhilf.de\/index.php?rest_route=%2Fwp%2Fv2%2Fmedia&parent=9"}],"curies":[{"name":"wp","href":"https:\/\/api.w.org\/{rel}","templated":true}]}}