{"id":7,"date":"2019-11-09T13:03:26","date_gmt":"2019-11-09T13:03:26","guid":{"rendered":"http:\/\/lumiflag.de\/?page_id=7"},"modified":"2019-11-14T12:09:57","modified_gmt":"2019-11-14T12:09:57","slug":"ruestung","status":"publish","type":"page","link":"http:\/\/uhuhilf.de\/?page_id=7","title":{"rendered":"R\u00fcstung"},"content":{"rendered":"\n<p><\/p>\n\n\n\n<div class=\"wp-block-cover alignfull has-background-dim\" style=\"background-image:url(http:\/\/lumiflag.de\/wp-content\/uploads\/2019\/11\/fanGochHelm8.jpg)\"><div class=\"wp-block-cover__inner-container is-layout-flow wp-block-cover-is-layout-flow\">\n<p style=\"font-size:80px\" class=\"has-text-color has-text-align-center has-yellow-color\"><strong>Die R\u00fcstung<\/strong><\/p>\n<\/div><\/div>\n\n\n\n<p><\/p>\n\n\n<div id=\"pl-gb7-69d020327890c\"  class=\"panel-layout\" ><div id=\"pg-gb7-69d020327890c-0\"  class=\"panel-grid panel-no-style\" ><div id=\"pgc-gb7-69d020327890c-0-0\"  class=\"panel-grid-cell\" ><div id=\"panel-gb7-69d020327890c-0-0-0\" class=\"so-panel widget widget_media_image panel-first-child\" data-index=\"0\" ><img loading=\"lazy\" decoding=\"async\" width=\"113\" height=\"150\" src=\"http:\/\/uhuhilf.de\/wp-content\/uploads\/2019\/11\/Helm-und-Fliege-1-225x300.jpg\" class=\"image wp-image-156  attachment-113x150 size-113x150\" alt=\"\" style=\"max-width: 100%; height: auto;\" srcset=\"http:\/\/uhuhilf.de\/wp-content\/uploads\/2019\/11\/Helm-und-Fliege-1-225x300.jpg 225w, http:\/\/uhuhilf.de\/wp-content\/uploads\/2019\/11\/Helm-und-Fliege-1-768x1024.jpg 768w\" sizes=\"auto, (max-width: 113px) 100vw, 113px\" \/><\/div><div id=\"panel-gb7-69d020327890c-0-0-1\" class=\"so-panel widget widget_text panel-last-child\" data-index=\"1\" ><div class=\"panel-widget-style panel-widget-style-for-gb7-69d020327890c-0-0-1\" ><h3 class=\"widget-title\">Ritterhelm und Hauben<\/h3>\t\t\t<div class=\"textwidget\"><p>Wir haben schon f\u00fcr sehr viele Reyche die Helme gefertigt, die sich durch die lange Haltbarkeit auszeichnen.<\/p>\n<\/div>\n\t\t<\/div><\/div><\/div><div id=\"pgc-gb7-69d020327890c-0-1\"  class=\"panel-grid-cell\" ><div id=\"panel-gb7-69d020327890c-0-1-0\" class=\"so-panel widget widget_media_image panel-first-child\" data-index=\"2\" ><div style=\"width: 123px\" class=\"wp-caption alignnone\"><img loading=\"lazy\" decoding=\"async\" width=\"113\" height=\"150\" src=\"http:\/\/uhuhilf.de\/wp-content\/uploads\/2019\/11\/PB030149-225x300.jpg\" class=\"image wp-image-159  attachment-113x150 size-113x150\" alt=\"\" style=\"max-width: 100%; height: auto;\" srcset=\"http:\/\/uhuhilf.de\/wp-content\/uploads\/2019\/11\/PB030149-225x300.jpg 225w, http:\/\/uhuhilf.de\/wp-content\/uploads\/2019\/11\/PB030149-768x1024.jpg 768w\" sizes=\"auto, (max-width: 113px) 100vw, 113px\" \/><p class=\"wp-caption-text\">OLYMPUS DIGITAL CAMERA<\/p><\/div><\/div><div id=\"panel-gb7-69d020327890c-0-1-1\" class=\"so-panel widget widget_text panel-last-child\" data-index=\"3\" ><div class=\"panel-widget-style panel-widget-style-for-gb7-69d020327890c-0-1-1\" ><h3 class=\"widget-title\">Ritterm\u00e4ntel<\/h3>\t\t\t<div class=\"textwidget\"><p>Unsere Ritterm\u00e4ntel stimmen mit den Helmen in den Reychsfarben \u00fcberein. Nat\u00fcrlich werden die Gr\u00f6\u00dfen nach dem Ritter angepasst.<\/p>\n<\/div>\n\t\t<\/div><\/div><\/div><div id=\"pgc-gb7-69d020327890c-0-2\"  class=\"panel-grid-cell\" ><div id=\"panel-gb7-69d020327890c-0-2-0\" class=\"so-panel widget widget_media_image panel-first-child\" data-index=\"4\" ><div style=\"width: 210px\" class=\"wp-caption alignnone\"><img loading=\"lazy\" decoding=\"async\" width=\"200\" height=\"150\" src=\"http:\/\/uhuhilf.de\/wp-content\/uploads\/2019\/11\/P1224234-300x225.jpg\" class=\"image wp-image-160  attachment-200x150 size-200x150\" alt=\"\" style=\"max-width: 100%; height: auto;\" srcset=\"http:\/\/uhuhilf.de\/wp-content\/uploads\/2019\/11\/P1224234-300x225.jpg 300w, http:\/\/uhuhilf.de\/wp-content\/uploads\/2019\/11\/P1224234-768x576.jpg 768w, http:\/\/uhuhilf.de\/wp-content\/uploads\/2019\/11\/P1224234-1024x768.jpg 1024w\" sizes=\"auto, (max-width: 200px) 100vw, 200px\" \/><p class=\"wp-caption-text\">OLYMPUS DIGITAL CAMERA<\/p><\/div><\/div><div id=\"panel-gb7-69d020327890c-0-2-1\" class=\"so-panel widget widget_text panel-last-child\" data-index=\"5\" ><div class=\"panel-widget-style panel-widget-style-for-gb7-69d020327890c-0-2-1\" ><h3 class=\"widget-title\">Bandeliere &#8211; Sch\u00e4rpen<\/h3>\t\t\t<div class=\"textwidget\"><p>Die Sch\u00e4rpen werden in der h\u00f6chsten Qualit\u00e4t, wie alle Textilien gefertigt<\/p>\n<\/div>\n\t\t<\/div><\/div><\/div><\/div><\/div>\n\n\n<div class=\"wp-block-media-text alignwide has-background has-pale-cyan-blue-background-color\"><figure class=\"wp-block-media-text__media\"><img loading=\"lazy\" decoding=\"async\" width=\"360\" height=\"338\" src=\"http:\/\/lumiflag.de\/wp-content\/uploads\/2019\/11\/Helme-1.png\" alt=\"\" class=\"wp-image-164\" srcset=\"http:\/\/uhuhilf.de\/wp-content\/uploads\/2019\/11\/Helme-1.png 360w, http:\/\/uhuhilf.de\/wp-content\/uploads\/2019\/11\/Helme-1-300x282.png 300w\" sizes=\"auto, (max-width: 360px) 100vw, 360px\" \/><\/figure><div class=\"wp-block-media-text__content\">\n<p class=\"has-large-font-size\"> Ritterhelm-Junkerhauben<\/p>\n\n\n\n<p> Die Vielfalt der Helme und Hauben ist uns bekannt. Viele Reyche sch\u00e4tzen unsere Qualit\u00e4t, weil wir nicht \u201ebillige\u201c Karnevalsm\u00fctzen fertigen. <\/p>\n<\/div><\/div>\n\n\n\n<div class=\"wp-block-media-text alignwide has-media-on-the-right has-background has-pale-cyan-blue-background-color\"><figure class=\"wp-block-media-text__media\"><img loading=\"lazy\" decoding=\"async\" width=\"495\" height=\"466\" src=\"http:\/\/lumiflag.de\/wp-content\/uploads\/2019\/11\/M\u00e4ntel-1.png\" alt=\"\" class=\"wp-image-166\" srcset=\"http:\/\/uhuhilf.de\/wp-content\/uploads\/2019\/11\/M\u00e4ntel-1.png 495w, http:\/\/uhuhilf.de\/wp-content\/uploads\/2019\/11\/M\u00e4ntel-1-300x282.png 300w\" sizes=\"auto, (max-width: 495px) 100vw, 495px\" \/><\/figure><div class=\"wp-block-media-text__content\">\n<p class=\"has-large-font-size\"> Ritterm\u00e4ntel <\/p>\n\n\n\n<p> Die meisten Reyche lassen sich durch uns Ihren Stoff einf\u00e4rben. Stoff der leicht und knitterarm ist. Stoff aus dem s\u00e4mtliche&nbsp;<strong>Accessoires<\/strong>&nbsp;hergestellt werden k\u00f6nnen. <\/p>\n<\/div><\/div>\n\n\n\n<div class=\"wp-block-media-text alignwide has-background has-pale-cyan-blue-background-color\"><figure class=\"wp-block-media-text__media\"><img loading=\"lazy\" decoding=\"async\" width=\"916\" height=\"881\" src=\"http:\/\/lumiflag.de\/wp-content\/uploads\/2019\/11\/Sch\u00e4rpe-stick.png\" alt=\"\" class=\"wp-image-311\" srcset=\"http:\/\/uhuhilf.de\/wp-content\/uploads\/2019\/11\/Sch\u00e4rpe-stick.png 916w, http:\/\/uhuhilf.de\/wp-content\/uploads\/2019\/11\/Sch\u00e4rpe-stick-300x289.png 300w, http:\/\/uhuhilf.de\/wp-content\/uploads\/2019\/11\/Sch\u00e4rpe-stick-768x739.png 768w\" sizes=\"auto, (max-width: 916px) 100vw, 916px\" \/><\/figure><div class=\"wp-block-media-text__content\">\n<p class=\"has-large-font-size\">Die Sch\u00e4rpe <\/p>\n\n\n\n<p>farbig gestickt<\/p>\n<\/div><\/div>\n\n\n\n<div class=\"wp-block-media-text alignwide has-media-on-the-right has-background has-pale-cyan-blue-background-color\"><figure class=\"wp-block-media-text__media\"><img loading=\"lazy\" decoding=\"async\" width=\"916\" height=\"896\" src=\"http:\/\/lumiflag.de\/wp-content\/uploads\/2019\/11\/Sch\u00e4rpe-druck.png\" alt=\"\" class=\"wp-image-312\" srcset=\"http:\/\/uhuhilf.de\/wp-content\/uploads\/2019\/11\/Sch\u00e4rpe-druck.png 916w, http:\/\/uhuhilf.de\/wp-content\/uploads\/2019\/11\/Sch\u00e4rpe-druck-300x293.png 300w, http:\/\/uhuhilf.de\/wp-content\/uploads\/2019\/11\/Sch\u00e4rpe-druck-768x751.png 768w, http:\/\/uhuhilf.de\/wp-content\/uploads\/2019\/11\/Sch\u00e4rpe-druck-50x50.png 50w\" sizes=\"auto, (max-width: 916px) 100vw, 916px\" \/><\/figure><div class=\"wp-block-media-text__content\">\n<p class=\"has-large-font-size\">Die Sch\u00e4rpe <\/p>\n\n\n\n<p>farbig bedruckt<\/p>\n<\/div><\/div>\n\n\n\n<div class=\"wp-block-media-text alignwide has-background has-pale-cyan-blue-background-color\"><figure class=\"wp-block-media-text__media\"><img loading=\"lazy\" decoding=\"async\" width=\"916\" height=\"881\" src=\"http:\/\/lumiflag.de\/wp-content\/uploads\/2019\/11\/Amici.png\" alt=\"\" class=\"wp-image-313\" srcset=\"http:\/\/uhuhilf.de\/wp-content\/uploads\/2019\/11\/Amici.png 916w, http:\/\/uhuhilf.de\/wp-content\/uploads\/2019\/11\/Amici-300x289.png 300w, http:\/\/uhuhilf.de\/wp-content\/uploads\/2019\/11\/Amici-768x739.png 768w\" sizes=\"auto, (max-width: 916px) 100vw, 916px\" \/><\/figure><div class=\"wp-block-media-text__content\">\n<p class=\"has-large-font-size\">Die Kontersch\u00e4rpe<\/p>\n\n\n\n<p>f\u00fcr Amici, Botschafter und Allschlaraffenr\u00e4te<\/p>\n<\/div><\/div>\n\n\n\n<div class=\"wp-block-media-text alignwide has-media-on-the-right has-background has-pale-cyan-blue-background-color\"><figure class=\"wp-block-media-text__media\"><img loading=\"lazy\" decoding=\"async\" width=\"916\" height=\"881\" src=\"http:\/\/lumiflag.de\/wp-content\/uploads\/2019\/11\/Junkert\u00e4schchen.png\" alt=\"\" class=\"wp-image-449\" srcset=\"http:\/\/uhuhilf.de\/wp-content\/uploads\/2019\/11\/Junkert\u00e4schchen.png 916w, http:\/\/uhuhilf.de\/wp-content\/uploads\/2019\/11\/Junkert\u00e4schchen-300x289.png 300w, http:\/\/uhuhilf.de\/wp-content\/uploads\/2019\/11\/Junkert\u00e4schchen-768x739.png 768w\" sizes=\"auto, (max-width: 916px) 100vw, 916px\" \/><\/figure><div class=\"wp-block-media-text__content\">\n<p class=\"has-large-font-size\">Junkert\u00e4schchen<\/p>\n<\/div><\/div>\n\n\n<hr>\n<hr>\n\n<div id=\"pl-gb7-69d020327d2c1\"  class=\"panel-layout\" ><div id=\"pg-gb7-69d020327d2c1-0\"  class=\"panel-grid panel-no-style\" ><div id=\"pgc-gb7-69d020327d2c1-0-0\"  class=\"panel-grid-cell\" ><div id=\"panel-gb7-69d020327d2c1-0-0-0\" class=\"so-panel widget widget_media_image panel-first-child panel-last-child\" data-index=\"0\" ><div style=\"width: 422px\" class=\"wp-caption alignnone\"><a href=\"http:\/\/www.fahnen-koch.de\"><img loading=\"lazy\" decoding=\"async\" width=\"412\" height=\"158\" src=\"http:\/\/uhuhilf.de\/wp-content\/uploads\/2023\/12\/Firmenlogo_FAKOTHUE.png\" class=\"image wp-image-575  attachment-full size-full\" alt=\"Firmenlogo der Manufaktur\" style=\"max-width: 100%; height: auto;\" srcset=\"http:\/\/uhuhilf.de\/wp-content\/uploads\/2023\/12\/Firmenlogo_FAKOTHUE.png 412w, http:\/\/uhuhilf.de\/wp-content\/uploads\/2023\/12\/Firmenlogo_FAKOTHUE-300x115.png 300w\" sizes=\"auto, (max-width: 412px) 100vw, 412px\" \/><\/a><p class=\"wp-caption-text\">Unser Firmenlogo<\/p><\/div><\/div><\/div><div id=\"pgc-gb7-69d020327d2c1-0-1\"  class=\"panel-grid-cell\" ><div id=\"panel-gb7-69d020327d2c1-0-1-0\" class=\"so-panel widget widget_media_image panel-first-child panel-last-child\" data-index=\"1\" ><img loading=\"lazy\" decoding=\"async\" width=\"111\" height=\"143\" src=\"http:\/\/uhuhilf.de\/wp-content\/uploads\/2019\/11\/Die-Gneisenaus-sehr-kl.png\" class=\"image wp-image-50  attachment-116x150 size-116x150\" alt=\"\" style=\"max-width: 100%; height: auto;\" \/><\/div><\/div><div id=\"pgc-gb7-69d020327d2c1-0-2\"  class=\"panel-grid-cell\" ><div id=\"panel-gb7-69d020327d2c1-0-2-0\" class=\"so-panel widget widget_media_image panel-first-child panel-last-child\" data-index=\"2\" ><img loading=\"lazy\" decoding=\"async\" width=\"143\" height=\"200\" src=\"http:\/\/uhuhilf.de\/wp-content\/uploads\/2019\/11\/Fan-Fan-214x300.png\" class=\"image wp-image-215  attachment-143x200 size-143x200\" alt=\"\" style=\"max-width: 100%; height: auto;\" srcset=\"http:\/\/uhuhilf.de\/wp-content\/uploads\/2019\/11\/Fan-Fan-214x300.png 214w, http:\/\/uhuhilf.de\/wp-content\/uploads\/2019\/11\/Fan-Fan-768x1077.png 768w, http:\/\/uhuhilf.de\/wp-content\/uploads\/2019\/11\/Fan-Fan-730x1024.png 730w, http:\/\/uhuhilf.de\/wp-content\/uploads\/2019\/11\/Fan-Fan.png 805w\" sizes=\"auto, (max-width: 143px) 100vw, 143px\" \/><\/div><\/div><div id=\"pgc-gb7-69d020327d2c1-0-3\"  class=\"panel-grid-cell\" ><div id=\"panel-gb7-69d020327d2c1-0-3-0\" class=\"so-panel widget widget_media_image panel-first-child panel-last-child\" data-index=\"3\" ><img loading=\"lazy\" decoding=\"async\" width=\"143\" height=\"200\" src=\"http:\/\/uhuhilf.de\/wp-content\/uploads\/2019\/11\/Fan-Goch-214x300.png\" class=\"image wp-image-216  attachment-143x200 size-143x200\" alt=\"\" style=\"max-width: 100%; height: auto;\" srcset=\"http:\/\/uhuhilf.de\/wp-content\/uploads\/2019\/11\/Fan-Goch-214x300.png 214w, http:\/\/uhuhilf.de\/wp-content\/uploads\/2019\/11\/Fan-Goch-768x1077.png 768w, http:\/\/uhuhilf.de\/wp-content\/uploads\/2019\/11\/Fan-Goch-730x1024.png 730w, http:\/\/uhuhilf.de\/wp-content\/uploads\/2019\/11\/Fan-Goch.png 806w\" sizes=\"auto, (max-width: 143px) 100vw, 143px\" \/><\/div><\/div><\/div><\/div>","protected":false},"excerpt":{"rendered":"<p>Ritterhelm-Junkerhauben Die Vielfalt der Helme und Hauben ist uns bekannt. Viele Reyche sch\u00e4tzen unsere Qualit\u00e4t, weil wir nicht \u201ebillige\u201c Karnevalsm\u00fctzen fertigen. Ritterm\u00e4ntel Die meisten Reyche lassen sich durch uns Ihren Stoff einf\u00e4rben. Stoff der leicht und knitterarm ist. Stoff aus dem s\u00e4mtliche&nbsp;Accessoires&nbsp;hergestellt werden k\u00f6nnen. Die Sch\u00e4rpe farbig gestickt Die Sch\u00e4rpe farbig bedruckt Die Kontersch\u00e4rpe f\u00fcr&hellip; <br \/> <a class=\"read-more\" href=\"http:\/\/uhuhilf.de\/?page_id=7\">Weiterlesen<\/a><\/p>\n","protected":false},"author":1,"featured_media":0,"parent":0,"menu_order":0,"comment_status":"closed","ping_status":"closed","template":"","meta":{"footnotes":""},"class_list":["post-7","page","type-page","status-publish","hentry"],"aioseo_notices":[],"_links":{"self":[{"href":"http:\/\/uhuhilf.de\/index.php?rest_route=\/wp\/v2\/pages\/7","targetHints":{"allow":["GET"]}}],"collection":[{"href":"http:\/\/uhuhilf.de\/index.php?rest_route=\/wp\/v2\/pages"}],"about":[{"href":"http:\/\/uhuhilf.de\/index.php?rest_route=\/wp\/v2\/types\/page"}],"author":[{"embeddable":true,"href":"http:\/\/uhuhilf.de\/index.php?rest_route=\/wp\/v2\/users\/1"}],"replies":[{"embeddable":true,"href":"http:\/\/uhuhilf.de\/index.php?rest_route=%2Fwp%2Fv2%2Fcomments&post=7"}],"version-history":[{"count":0,"href":"http:\/\/uhuhilf.de\/index.php?rest_route=\/wp\/v2\/pages\/7\/revisions"}],"wp:attachment":[{"href":"http:\/\/uhuhilf.de\/index.php?rest_route=%2Fwp%2Fv2%2Fmedia&parent=7"}],"curies":[{"name":"wp","href":"https:\/\/api.w.org\/{rel}","templated":true}]}}