{"id":342,"date":"2019-11-13T16:59:01","date_gmt":"2019-11-13T16:59:01","guid":{"rendered":"http:\/\/lumiflag.de\/?page_id=342"},"modified":"2024-03-27T10:56:24","modified_gmt":"2024-03-27T10:56:24","slug":"mesmerize","status":"publish","type":"page","link":"http:\/\/uhuhilf.de\/","title":{"rendered":"_"},"content":{"rendered":"<div  id=\"features-2\" style=\"background-color: #ffffff;\" data-label=\"Features\" data-id=\"features-ov-4-mc\" data-export-id=\"features-ov-4-mc\" data-category=\"features\" class=\"features-ov-4-mc content-section content-section-spacing\"><div  class=\"gridContainer\"> <div  data-type=\"row\" class=\"row spaced-cols text-center\"><div  class=\"col-xs-12 col-sm-4 col-padding\"> <i  class=\"fa icon fa-clone large shadow-large-black round aligncenter reverse color1\"><\/i> <div  data-type=\"column\" class=\"\"> <h5  class=\"font-400\">ANSPRECHENDE DESIGNS<\/h5> <p  class=\"\">Die Gneisenaus stammen aus einer K\u00fcnstler Familie und Ritter Fan Goch hei\u00dft nicht nur so, er ist auch ein guter Zeichner<\/p><\/div> <\/div> <div  class=\"col-xs-12 col-sm-4 col-padding\"> <i  class=\"fa icon fa-cogs large shadow-large-black round aligncenter reverse color2\"><\/i> <div  data-type=\"column\" class=\"\"><h5  class=\"font-400\">GUTE ARBEITEN<\/h5> <p  class=\"\">Wir sind ein Familien Betrieb und lieben die Details. Seit 1857 (die \u00e4lteste Fahnenfabrik Europas) sticken und j\u00fcngst bedrucken wir auf Stoffe <\/p><\/div> <\/div> <div  class=\"col-xs-12 col-sm-4 col-padding\"> <i  class=\"fa icon fa-magic large shadow-large-black round aligncenter reverse color4\"><\/i> <div  data-type=\"column\" class=\"\"><h5  class=\"font-400\">ZUVERL\u00c4SSIGKEIT<\/h5> <p  class=\"\">Weil wir die Details lieben sind wir auch bestrebt immer einen reibungslosen Ablauf zu garantieren, bis zur Auslieferung<\/p><\/div> <\/div><\/div> <\/div><\/div><div  id=\"about-1\" style=\"background-color: #f5fafd;\" data-label=\"About\" data-id=\"about-images-right-section-mc\" data-export-id=\"about-images-right-section-mc\" data-bullets-visibility=\"true\" data-category=\"about\" class=\"about-images-right-section-mc content-section content-section-spacing\"><div  class=\"gridContainer\"> <div  class=\"row middle-sm text-center\"><div  class=\"col-sm-5 content-left-sm\" data-type=\"column\"> <h5  class=\"\">WAS WIR SO TUN<\/h5> <h2  class=\"\">Eine St\u00e4rke ist <br > <span  style=\"font-family: Playfair Display,sans-serif; font-weight: 700; font-style: italic;\" href=\"#\">kreative Gestaltung<\/span> f\u00fcr alle Arbeiten!<\/h2> <p  class=\"\">Gut ausgebildete, hoch motivierte Mitarbeiter setzen Eueren Wunsch und Idee in das Produkt um, in dem sie immer auf die Details achten. Ein gut funktionierender Ablauf garantiert die Zuverl\u00e4ssigkeit der Gneisenau.\n<br >Kurz: Probiert es einfach aus und Ihr werdet nicht entt\u00e4uscht sein<br >  <\/p> <a class=\"button color1\" href=\"http:\/\/lumiflag.de?page_id=9\" target=\"_self\" data-cp-link=\"1\" rel=\"noopener noreferrer\">FANGT EINFACH AN!<\/a><\/div> <div  class=\"col-sm-7 space-bottom-xs\"><div  class=\"image-group-side-3-img\"> <img  decoding=\"async\" class=\"topimg shadow-large\" src=\"http:\/\/lumiflag.de\/wp-content\/uploads\/2019\/11\/cropped-Lethe-orden-13-scaled-1.jpg\" alt=\"\" title=\"cropped-Lethe-orden-13-scaled-1.jpg\"> <img  decoding=\"async\" class=\"rightimg shadow-large\" src=\"http:\/\/lumiflag.de\/wp-content\/uploads\/2019\/11\/cropped-Fahnen-Halla-Salensis-VS.gif\" alt=\"\" title=\"cropped-Fahnen-Halla-Salensis-VS.gif\"> <div  class=\"leftimg\"> <img  decoding=\"async\" class=\"shadow-large\" src=\"http:\/\/lumiflag.de\/wp-content\/uploads\/2019\/11\/cropped-Zeichnerei-neu4.jpg\" alt=\"\" title=\"cropped-Zeichnerei-neu4.jpg\"><\/div> <\/div><\/div> <\/div><\/div> <\/div><div  id=\"portfolio-1\" data-label=\"Portfolio\" data-id=\"portfolio-5-mc\" data-export-id=\"portfolio-5-mc\" data-bullets-visibility=\"true\" data-category=\"portfolio\" class=\"portfolio-5-mc content-section content-section-spacing section-title-col-white-text bg-color1\"><div  class=\"gridContainer\"> <div  class=\"row text-center\"><div  class=\"section-title-col\" data-type=\"column\"> <h5  class=\"\">UNSERE ARBEITEN<\/h5> <h2  class=\"\">Portfolio<\/h2> <p  class=\"lead\">Es kann nur eine kleine Auswahl unserer Produktpalette sein.<\/p><\/div> <\/div> <div  class=\"row space-bottom spaced-cols\" data-type=\"row\"> <div  class=\"col-xs-12 col-sm-4 text-center\"> <div  class=\"card no-padding bordered\"> <div  data-hover-fx=\"portfolio-6\" class=\"contentswap-effect contentswap-overlay\" style=\"float: none; margin: 0; width: 100%;\"> <div  class=\"initial-image\" style=\"float: none; margin: 0;\"> <img  decoding=\"async\" data-size=\"500x333\" src=\"http:\/\/lumiflag.de\/wp-content\/uploads\/2019\/11\/Helm-und-Fliege-1.jpg\"><\/div> <div  class=\"overlay bg-color6\" style=\"display: block; transition: opacity 800ms ease 0s; -webkit-transition-timing-function: ease; -moz-transition-timing-function: ease; -o-transition-timing-function: ease; transition-timing-function: ease;\"><\/div> <div  class=\"swap-inner col-xs-12\" style=\"display: block; transition: all 800ms ease 0s; background-color: rgba(0,0,0,0); margin-top: 0;\"> <div  class=\"row full-height-row middle-xs middle-sm\"> <div  class=\"col-xs-12 text-center content-holder\"> <a class=\"button small color2\" href=\"http:\/\/lumiflag.de?page_id=7\" target=\"_self\" data-cp-link=\"1\" rel=\"noopener noreferrer\">Helm und R\u00fcstung<\/a><\/div> <\/div><\/div> <\/div> <div  class=\"col-xs-12\"> <div  class=\"space-bottom space-top\" data-type=\"column\"> <h5  class=\"\">Helm und R\u00fcstung<\/h5> <p  class=\"small italic\">Ob Helm, Sch\u00e4rpe oder Mantel, ob Ahnen oder Orden, ob Reychsbanner oder Tischdekoration\n<br ><br >   alles das sind unsere Produkte die wir Euch herstellen und anbieten k\u00f6nnen.<\/p><\/div> <\/div><\/div> <\/div> <div  class=\"col-xs-12 col-sm-4 text-center\"> <div  class=\"card no-padding bordered\"> <div  data-hover-fx=\"portfolio-6\" class=\"contentswap-effect contentswap-overlay\" style=\"float: none; margin: 0; width: 100%;\"> <div  class=\"initial-image\" style=\"float: none; margin: 0;\"> <img  decoding=\"async\" data-size=\"500x333\" src=\"http:\/\/lumiflag.de\/wp-content\/uploads\/2019\/11\/cropped-2-Restaurierung-10.2019-scaled-1.png\"><\/div> <div  class=\"overlay bg-color6\" style=\"display: block; transition: opacity 800ms ease 0s; -webkit-transition-timing-function: ease; -moz-transition-timing-function: ease; -o-transition-timing-function: ease; transition-timing-function: ease;\"><\/div> <div  class=\"swap-inner col-xs-12\" style=\"display: block; transition: all 800ms ease 0s; background-color: rgba(0,0,0,0); margin-top: 0;\"> <div  class=\"row full-height-row middle-xs middle-sm\"> <div  class=\"col-xs-12 text-center content-holder\"> <a class=\"button small color2\" href=\"http:\/\/fahnenreparatur.de\" target=\"_self\" data-cp-link=\"1\" rel=\"noopener noreferrer\">Restauration<\/a><\/div> <\/div><\/div> <\/div> <div  class=\"col-xs-12\"> <div  class=\"space-bottom space-top\" data-type=\"column\"> <h5  class=\"\">Fahnenrestauration<\/h5> <p  class=\"small italic\">Erinnerungen neu erleben, hei\u00dft Kunstwerke erhalten. \n<br ><br >Unsere Technik im textilen Bereich gibt sehr viele M\u00f6glichkeiten Kulturgut zu erhalten  <\/p><\/div> <\/div><\/div> <\/div> <div  class=\"col-xs-12 col-sm-4 text-center\"> <div  class=\"card no-padding bordered\"> <div  data-hover-fx=\"portfolio-6\" class=\"contentswap-effect contentswap-overlay\" style=\"float: none; margin: 0; width: 100%;\"> <div  class=\"initial-image\" style=\"float: none; margin: 0;\"> <img  decoding=\"async\" data-size=\"500x333\" src=\"http:\/\/lumiflag.de\/wp-content\/uploads\/2019\/11\/cropped-Musengeist.gif\"><\/div> <div  class=\"overlay bg-color6\" style=\"display: block; transition: opacity 800ms ease 0s; -webkit-transition-timing-function: ease; -moz-transition-timing-function: ease; -o-transition-timing-function: ease; transition-timing-function: ease;\"><\/div> <div  class=\"swap-inner col-xs-12\" style=\"display: block; transition: all 800ms ease 0s; background-color: rgba(0,0,0,0); margin-top: 0;\"> <div  class=\"row full-height-row middle-xs middle-sm\"> <div  class=\"col-xs-12 text-center content-holder\"> <a class=\"button small color2\" href=\"http:\/\/fahnenservice.de?page_id=11\" target=\"_self\" data-cp-link=\"1\" rel=\"noopener noreferrer\">Heraldik<\/a><\/div> <\/div><\/div> <\/div> <div  class=\"col-xs-12\"> <div  class=\"space-bottom space-top\" data-type=\"column\"> <h5  class=\"\">Wappen Kunst<\/h5> <p  class=\"small italic\">Die Gneisenaus sind nicht nur Textiler sondern auch Heraldiker und fertigen heraldische Ritterwappen gerne an<\/p><\/div> <\/div><\/div> <\/div><\/div> <div  class=\"row\"><div  data-type=\"column\" class=\"col-xs-12 text-center\"> <a  class=\"button color2 y-move\" href=\"#\">View Portfolio<\/a><\/div> <\/div><\/div> <\/div><div  id=\"cta-1\" style=\"background-color: #f5fafd;\" data-label=\"Cta\" data-id=\"cta-blue-section-mc\" data-export-id=\"cta-blue-section-mc\" data-category=\"cta\" class=\"cta-blue-section-mc content-section content-section-spacing le_cocktail white-text\"><div  class=\"gridContainer\"> <div  class=\"row middle-xs\"><div  class=\"col-sm-8 space-bottom-xs\" data-type=\"column\"> <h2  class=\"\">Schaut einfach rein, es dauert nur ein&nbsp; paar Minuten .. <span  class=\"font-300\"><\/span><\/h2> <\/div> <div  class=\"col-sm-4 end-sm\" data-type=\"column\"> <a class=\"button color2\" href=\"http:\/\/lumiflag.de?page_id=9\" target=\"_self\" data-cp-link=\"1\" rel=\"noopener noreferrer\">Hier k\u00f6nnt ihr beginnen<\/a><\/div> <\/div><\/div> <\/div><div  id=\"team-1\" style=\"background-color: #ffffff;\" data-label=\"Team\" data-id=\"team-5-mc\" data-export-id=\"team-5-mc\" data-bullets-visibility=\"true\" data-category=\"team\" class=\"team-5-mc content-section content-section-spacing\"><div  class=\"gridContainer\"> <div  class=\"row text-center\"><div  class=\"section-title-col\" data-type=\"column\"> <h5  class=\"\">Unsere Freude sind gute\u2013<\/h5> <h2  class=\"\">Referenzen<\/h2> <p  class=\"lead\">Schreibt uns wie Euch unsere Lieferung gefallen<\/p><\/div> <\/div> <div  class=\"row spaced-cols content-center-sm\" data-type=\"row\"> <div  class=\"col-xs-12 col-sm-6 col-md-3 col-padding\"> <div  class=\"row \"> <div  data-type=\"column\" class=\"col-xs-12 col-sm-12\"> <img  decoding=\"async\" class=\"round face\" src=\"http:\/\/lumiflag.de\/wp-content\/uploads\/2019\/11\/cropped-Die-Gneisenaus-sehr-kl-10.png\" alt=\"\" title=\"cropped-Die-Gneisenaus-sehr-kl-10.png\"> <h4  class=\"font-500\">Abzeichen <\/h4> <p  class=\"italic\">Schlammbeiser<\/p> <p  class=\"\">die Aufn\u00e4her sind angekommen, sehen sehr gut aus, uhuhertzlichsten Dank und viele Gr\u00fc\u00dfe an Rt Fan Goch! <br >Lu Lu, Euer Rt Pepp <\/p> <div  class=\"social-icons-group\" data-type=\"group\"> <a href=\"#\" target=\"_self\" data-reiki-hidden=\"true\" rel=\"noopener noreferrer\"><i  class=\"gray fa icon fa-facebook-square\"><\/i><\/a> <a href=\"#\" target=\"_self\" data-reiki-hidden=\"true\" rel=\"noopener noreferrer\"><i  class=\"gray fa icon fa-twitter-square\"><\/i><\/a> <a href=\"#\" target=\"_self\" data-reiki-hidden=\"true\" rel=\"noopener noreferrer\"><i  class=\"gray fa icon fa-linkedin-square\"><\/i><\/a> <a href=\"#\" target=\"_self\" data-reiki-hidden=\"true\" rel=\"noopener noreferrer\"><i  class=\"gray fa icon fa-google-plus-square\"><\/i><\/a><\/div> <\/div><\/div> <\/div> <div  class=\"col-xs-12 col-sm-6 col-md-3 col-padding\"> <div  class=\"row \"> <div  data-type=\"column\" class=\"col-xs-12 col-sm-12\"> <img  decoding=\"async\" class=\"round face\" src=\"http:\/\/lumiflag.de\/wp-content\/uploads\/2019\/11\/cropped-Die-Gneisenaus-sehr-kl-9.png\" alt=\"\" title=\"cropped-Die-Gneisenaus-sehr-kl-9.png\"> <h4  class=\"font-500\">Ritterhelm <\/h4> <p  class=\"italic\">Sarebrucca <\/p> <p  class=\"\">Vielen Dank f\u00fcr die wirklich superschnelle Lieferung! Danke!<br >Mit besten Gr\u00fc\u00dfen<br >Rainer Elitzer<\/p> <div  class=\"social-icons-group\" data-type=\"group\"> <a href=\"#\" target=\"_self\" data-reiki-hidden=\"true\" rel=\"noopener noreferrer\"><i  class=\"gray fa icon fa-facebook-square\"><\/i><\/a> <a href=\"#\" target=\"_self\" data-reiki-hidden=\"true\" rel=\"noopener noreferrer\"><i  class=\"gray fa icon fa-twitter-square\"><\/i><\/a> <a href=\"#\" target=\"_self\" data-reiki-hidden=\"true\" rel=\"noopener noreferrer\"><i  class=\"gray fa icon fa-linkedin-square\"><\/i><\/a> <a href=\"#\" target=\"_self\" data-reiki-hidden=\"true\" rel=\"noopener noreferrer\"><i  class=\"gray fa icon fa-google-plus-square\"><\/i><\/a><\/div> <\/div><\/div> <\/div> <div  class=\"col-xs-12 col-sm-6 col-md-3 col-padding\"> <div  class=\"row \"> <div  data-type=\"column\" class=\"col-xs-12 col-sm-12\"> <img  decoding=\"async\" class=\"round face\" src=\"http:\/\/lumiflag.de\/wp-content\/uploads\/2019\/11\/cropped-Die-Gneisenaus-sehr-kl-8.png\" alt=\"\" title=\"cropped-Die-Gneisenaus-sehr-kl-8.png\"> <h4  class=\"font-500\">Orden<\/h4> <p  class=\"italic\">Letheorden <\/p> <p  class=\"\">f\u00fcr gute Zusammenarbeit in bester Qualit\u00e4t. Viellieber Rt Fan Goch,<br >der Orden ist wunderbar ausgefallen und ein Schmuckst\u00fcck f\u00fcr jeden, der ihn tragen darf, herzlichen Dank.<br >UHUhertzliche Lulu<br >Rt Wai-quiki<br >Kantzler 333<\/p> <div  class=\"social-icons-group\" data-type=\"group\"> <a href=\"#\" target=\"_self\" data-reiki-hidden=\"true\" rel=\"noopener noreferrer\"><i  class=\"gray fa icon fa-facebook-square\"><\/i><\/a> <a href=\"#\" target=\"_self\" data-reiki-hidden=\"true\" rel=\"noopener noreferrer\"><i  class=\"gray fa icon fa-twitter-square\"><\/i><\/a> <a href=\"#\" target=\"_self\" data-reiki-hidden=\"true\" rel=\"noopener noreferrer\"><i  class=\"gray fa icon fa-linkedin-square\"><\/i><\/a> <a href=\"#\" target=\"_self\" data-reiki-hidden=\"true\" rel=\"noopener noreferrer\"><i  class=\"gray fa icon fa-google-plus-square\"><\/i><\/a><\/div> <\/div><\/div> <\/div> <div  class=\"col-xs-12 col-sm-6 col-md-3 col-padding\"> <div  class=\"row \"> <div  data-type=\"column\" class=\"col-xs-12 col-sm-12\"> <img  decoding=\"async\" class=\"round face\" src=\"http:\/\/lumiflag.de\/wp-content\/uploads\/2019\/11\/cropped-Die-Gneisenaus-sehr-kl-7.png\" alt=\"\" title=\"cropped-Die-Gneisenaus-sehr-kl-7.png\"> <h4  class=\"font-500\">Heraldik<\/h4> <p  class=\"italic\">Wappen &amp; Fahne<\/p> <p  class=\"\">Sehr geehrte Familie Koch, wir bedanken uns sehr herzlich f\u00fcr die Fertigstellungen der gro\u00dfen und kleinen Familienwappenfahnen, sie sind alle sehr sch\u00f6n geworden und gefallen uns gut. Freundliche Gr\u00fc\u00dfe<br >Dr. Wei\u00df<\/p> <div  class=\"social-icons-group\" data-type=\"group\"> <a href=\"#\" target=\"_self\" data-reiki-hidden=\"true\" rel=\"noopener noreferrer\"><i  class=\"gray fa icon fa-facebook-square\"><\/i><\/a> <a href=\"#\" target=\"_self\" data-reiki-hidden=\"true\" rel=\"noopener noreferrer\"><i  class=\"gray fa icon fa-twitter-square\"><\/i><\/a> <a href=\"#\" target=\"_self\" data-reiki-hidden=\"true\" rel=\"noopener noreferrer\"><i  class=\"gray fa icon fa-linkedin-square\"><\/i><\/a> <a href=\"#\" target=\"_self\" data-reiki-hidden=\"true\" rel=\"noopener noreferrer\"><i  class=\"gray fa icon fa-google-plus-square\"><\/i><\/a><\/div> <\/div><\/div> <\/div><\/div> <\/div><\/div><div  id=\"contact-1\" style=\"background-color: #ffffff;\" data-label=\"Contact\" data-id=\"contact-1-mc\" data-export-id=\"contact-1-mc\" data-bullets-visibility=\"true\" data-category=\"contact\" class=\"contact-1-mc content-section content-section-spacing white-text\" data-parallax-depth=\"20\"><div  class=\"gridContainer\"> <div  class=\"row text-center\"><div  class=\"section-title-col\" data-type=\"column\"> <h5  class=\"\">Kontaktiert uns!<\/h5> <h2  class=\"\">Netzwisch<\/h2> <p  class=\"lead\">Schreibt uns einen Netzwisch, was Euer begehr ist. Rt Fan Fahn und Rt Fan-Goch stehen immer gerne zur Verf\u00fcgung.<\/p><\/div> <\/div> <div  class=\"row text-center\"> <div  class=\"col-xs-12 col-sm-8 col-sm-offset-2 contact-form-wrapper inline-info\"> <div  class=\"card large-padding\"> <div  class=\"\" data-content-shortcode=\"mesmerize_contact_form shortcode=&quot;torro_form id=&amp;amp;quot;223&amp;amp;quot;&quot;\" data-editable=\"true\"><form id=\"torro-form-223\" class=\"torro-form\" action=\"http:\/\/uhuhilf.de\" method=\"post\" enctype=\"multipart\/form-data\" novalidate>\n\t\t\t\t<h2 class=\"torro-container-title\">Seite 1<\/h2>\n\n\t<p><span aria-hidden=\"true\">Erforderliche Felder sind wie folgt markiert <span class=\"torro-required-indicator\">*<\/span>. Achtung! Der Versende Button ist am unterem Bildrand zu finden!<\/span><\/p>\n\n\n\t<div id=\"torro-element-8-wrap\" class=\"torro-element-wrap\">\n\t\n\t<label id=\"torro-element-8-label\" class=\"torro-element-label\" for=\"torro-element-8\">\n\t\tEuer Rittername\t\t<span class=\"screen-reader-text\">(erforderlich)<\/span><span class=\"torro-required-indicator\" aria-hidden=\"true\">*<\/span>\t<\/label>\n\n\t<div>\n\t\t\n\t\t<input id=\"torro-element-8\" name=\"torro_submission[values][8][_main]\" class=\"torro-element-input\" type=\"text\" placeholder=\"Euer Ritternamen (pflicht)\" aria-required=\"true\" required value=\"\">\n\n\t\t\t<\/div>\n\n\t<\/div>\n\t<div id=\"torro-element-9-wrap\" class=\"torro-element-wrap\">\n\t\n\t<label id=\"torro-element-9-label\" class=\"torro-element-label\" for=\"torro-element-9\">\n\t\tEuere Reychsnummer\t\t<span class=\"screen-reader-text\">(erforderlich)<\/span><span class=\"torro-required-indicator\" aria-hidden=\"true\">*<\/span>\t<\/label>\n\n\t<div>\n\t\t\t\t\t<div id=\"torro-element-9-description\" class=\"torro-element-description\">\n\t\t\t\tMaximal 3 Zeichen sind erlaubt.\t\t\t<\/div>\n\t\t\n\t\t<input id=\"torro-element-9\" name=\"torro_submission[values][9][_main]\" class=\"torro-element-input\" type=\"number\" placeholder=\"Euere Reychsnummer  (pflicht)\" aria-required=\"true\" required aria-describedby=\"torro-element-9-description\" value=\"\">\n\n\t\t\t<\/div>\n\n\t<\/div>\n\t<div id=\"torro-element-10-wrap\" class=\"torro-element-wrap\">\n\t\n\t<label id=\"torro-element-10-label\" class=\"torro-element-label\" for=\"torro-element-10\">\n\t\tEuere Email\t\t<span class=\"screen-reader-text\">(erforderlich)<\/span><span class=\"torro-required-indicator\" aria-hidden=\"true\">*<\/span>\t<\/label>\n\n\t<div>\n\t\t\n\t\t<input id=\"torro-element-10\" name=\"torro_submission[values][10][_main]\" class=\"torro-element-input\" type=\"email\" placeholder=\"Euer Email  (pflicht)\" aria-required=\"true\" required value=\"\">\n\n\t\t\t<\/div>\n\n\t<\/div>\n\t<div id=\"torro-element-15-wrap\" class=\"torro-element-wrap\">\n\t\n\t<label id=\"torro-element-15-label\" class=\"torro-element-label\" for=\"torro-element-15\">\n\t\tEuer Wunsch\t\t<span class=\"screen-reader-text\">(erforderlich)<\/span><span class=\"torro-required-indicator\" aria-hidden=\"true\">*<\/span>\t<\/label>\n\n\t<div>\n\t\t\n\t\t<input id=\"torro-element-15\" name=\"torro_submission[values][15][_main]\" class=\"torro-element-input\" type=\"text\" placeholder=\"     Grund Eueres Sendbotens\" aria-required=\"true\" required value=\"\">\n\n\t\t\t<\/div>\n\n\t<\/div>\n\t<div id=\"torro-element-12-wrap\" class=\"torro-element-wrap\">\n\t\n\t<label id=\"torro-element-12-label\" class=\"torro-element-label\" for=\"torro-element-12\">\n\t\tBeschreibung\t\t\t<\/label>\n\n\t<div>\n\t\t\n\t\t<textarea id=\"torro-element-12\" name=\"torro_submission[values][12][_main]\" class=\"torro-element-input\" rows=\"10\" cols=\"75\" placeholder=\"Hier schreibt Ihr Euer Anliegen hinein\"><\/textarea>\n\n\t\t\t<\/div>\n\n\t<\/div>\n\t<div id=\"torro-element-13-wrap\" class=\"torro-element-wrap\">\n\t\n\t<label id=\"torro-element-13-label\" class=\"torro-element-label\" for=\"torro-element-13\">\n\t\t1. Datei \/ Zeichnung senden\t\t\t<\/label>\n\n\t<div>\n\t\t\n\t\t<input type=\"file\" id=\"torro-element-13\" name=\"torro_media_upload_13__main\" class=\"torro-element-input\">\n\n\t\t<input type=\"hidden\" name=\"torro_submission[values][13][_main]\" value=\"0\">\n\n\t\t\n\t\t\t<\/div>\n\n\t<\/div>\n\t<div id=\"torro-element-14-wrap\" class=\"torro-element-wrap\">\n\t\n\t<label id=\"torro-element-14-label\" class=\"torro-element-label\" for=\"torro-element-14\">\n\t\t2. Datei \/ Zeichnung senden\t\t\t<\/label>\n\n\t<div>\n\t\t\n\t\t<input type=\"file\" id=\"torro-element-14\" name=\"torro_media_upload_14__main\" class=\"torro-element-input\">\n\n\t\t<input type=\"hidden\" name=\"torro_submission[values][14][_main]\" value=\"0\">\n\n\t\t\n\t\t\t<\/div>\n\n\t<\/div>\n\n\t\n\t\t\t<div id=\"torro-email-wrap\" class=\"torro-element-wrap\">\n\t\n\t<label id=\"torro-email-label\" class=\"torro-element-label\" for=\"torro-email\">\n\t\tFinger weg von diesem Feld, wenn Du ein Mensch bist.\t\t\t<\/label>\n\n\t<div>\n\t\t\n\t\t<input type=\"text\" id=\"torro-email\" name=\"email\" class=\"torro-element-input\">\n\n\t\t\t<\/div>\n\n\t<\/div>\n\t\t<input type=\"hidden\" id=\"torro-timestamp\" name=\"timestamp\" value=\"1777699985\">\n\t\t\t\t<div class=\"torro-recaptcha torro-element-wrap\">\n\t\t\t<div id=\"recaptcha-placeholder-223\" class=\"torro-recaptcha-placeholder\" data-form-id=\"223\" data-sitekey=\"6LeYH8YUAAAAAOBbLN4ZWRlCPEO3unsHxswcvsyx\" data-type=\"audio\" data-size=\"compact\" data-theme=\"light\"><\/div>\n\t\t<\/div>\n\t\t\t\n\t<div class=\"torro-pager\">\n\t\t\n\t\t\t\t\t<div class=\"next\">\n\t\t\t\t<button type=\"submit\" name=\"torro_submission[action]\" value=\"submit\" class=\"torro-button torro-button-primary\">Senden! Hier KLICKEN!!<\/button>\n\t\t\t<\/div>\n\t\t\t<\/div>\n\n\t\n\t<input type=\"hidden\" name=\"torro_submission[nonce]\" value=\"f67ad73ac2\"><input type=\"hidden\" name=\"torro_submission[form_id]\" value=\"223\"><\/form>\n<\/div><\/div> <\/div><\/div> <\/div><\/div>","protected":false},"excerpt":{"rendered":"<p>ANSPRECHENDE DESIGNS Die Gneisenaus stammen aus einer K\u00fcnstler Familie und Ritter Fan Goch hei\u00dft nicht nur so, er ist auch ein guter Zeichner GUTE ARBEITEN Wir sind ein Familien Betrieb und lieben die Details. Seit 1857 (die \u00e4lteste Fahnenfabrik Europas) sticken und j\u00fcngst bedrucken wir auf Stoffe ZUVERL\u00c4SSIGKEIT Weil wir die Details lieben sind wir&hellip; <br \/> <a class=\"read-more\" href=\"http:\/\/uhuhilf.de\/\">Weiterlesen<\/a><\/p>\n","protected":false},"author":1,"featured_media":0,"parent":0,"menu_order":0,"comment_status":"closed","ping_status":"closed","template":"page-templates\/homepage.php","meta":{"footnotes":""},"class_list":["post-342","page","type-page","status-publish","hentry"],"aioseo_notices":[],"_links":{"self":[{"href":"http:\/\/uhuhilf.de\/index.php?rest_route=\/wp\/v2\/pages\/342","targetHints":{"allow":["GET"]}}],"collection":[{"href":"http:\/\/uhuhilf.de\/index.php?rest_route=\/wp\/v2\/pages"}],"about":[{"href":"http:\/\/uhuhilf.de\/index.php?rest_route=\/wp\/v2\/types\/page"}],"author":[{"embeddable":true,"href":"http:\/\/uhuhilf.de\/index.php?rest_route=\/wp\/v2\/users\/1"}],"replies":[{"embeddable":true,"href":"http:\/\/uhuhilf.de\/index.php?rest_route=%2Fwp%2Fv2%2Fcomments&post=342"}],"version-history":[{"count":0,"href":"http:\/\/uhuhilf.de\/index.php?rest_route=\/wp\/v2\/pages\/342\/revisions"}],"wp:attachment":[{"href":"http:\/\/uhuhilf.de\/index.php?rest_route=%2Fwp%2Fv2%2Fmedia&parent=342"}],"curies":[{"name":"wp","href":"https:\/\/api.w.org\/{rel}","templated":true}]}}