{"id":15,"date":"2019-11-09T13:11:20","date_gmt":"2019-11-09T13:11:20","guid":{"rendered":"http:\/\/lumiflag.de\/?page_id=15"},"modified":"2023-12-08T10:39:30","modified_gmt":"2023-12-08T10:39:30","slug":"sonstiges","status":"publish","type":"page","link":"http:\/\/uhuhilf.de\/?page_id=15","title":{"rendered":"Sonstiges"},"content":{"rendered":"\n<div class=\"wp-block-cover aligncenter is-light\"><span aria-hidden=\"true\" class=\"wp-block-cover__background has-background-dim\"><\/span><img loading=\"lazy\" decoding=\"async\" width=\"900\" height=\"599\" class=\"wp-block-cover__image-background wp-image-460\" src=\"http:\/\/lumiflag.de\/wp-content\/uploads\/2019\/11\/303_gr_tischdecke-13.jpg\" data-object-fit=\"cover\" srcset=\"http:\/\/uhuhilf.de\/wp-content\/uploads\/2019\/11\/303_gr_tischdecke-13.jpg 900w, http:\/\/uhuhilf.de\/wp-content\/uploads\/2019\/11\/303_gr_tischdecke-13-300x200.jpg 300w, http:\/\/uhuhilf.de\/wp-content\/uploads\/2019\/11\/303_gr_tischdecke-13-768x511.jpg 768w, http:\/\/uhuhilf.de\/wp-content\/uploads\/2019\/11\/303_gr_tischdecke-13-272x182.jpg 272w\" sizes=\"auto, (max-width: 900px) 100vw, 900px\" \/><div class=\"wp-block-cover__inner-container is-layout-flow wp-block-cover-is-layout-flow\">\n<p class=\"has-text-align-center has-vivid-cyan-blue-color has-text-color\" style=\"font-size:80px\"><strong>Sonstiges- schlaraffische<\/strong>s<\/p>\n<\/div><\/div>\n\n\n\n<div class=\"wp-block-media-text alignwide has-background has-cyan-bluish-gray-background-color\"><figure class=\"wp-block-media-text__media\"><img loading=\"lazy\" decoding=\"async\" width=\"916\" height=\"881\" src=\"http:\/\/lumiflag.de\/wp-content\/uploads\/2019\/11\/Minihelm.png\" alt=\"\" class=\"wp-image-451 size-full\" srcset=\"http:\/\/uhuhilf.de\/wp-content\/uploads\/2019\/11\/Minihelm.png 916w, http:\/\/uhuhilf.de\/wp-content\/uploads\/2019\/11\/Minihelm-300x289.png 300w, http:\/\/uhuhilf.de\/wp-content\/uploads\/2019\/11\/Minihelm-768x739.png 768w\" sizes=\"auto, (max-width: 916px) 100vw, 916px\" \/><\/figure><div class=\"wp-block-media-text__content\">\n<p class=\"has-large-font-size\">Mini-Helm<\/p>\n\n\n\n<p>als Platz Reservierer f\u00fcr die Burgkfrau oder Andenken an den Burgkherren<\/p>\n<\/div><\/div>\n\n\n\n<div class=\"wp-block-media-text alignwide has-media-on-the-right has-background has-cyan-bluish-gray-background-color\"><div class=\"wp-block-media-text__content\">\n<p class=\"has-large-font-size\">Kopf<\/p>\n\n\n\n<p>zum Trocknen des Ritterhelms<\/p>\n<\/div><figure class=\"wp-block-media-text__media\"><img loading=\"lazy\" decoding=\"async\" width=\"916\" height=\"881\" src=\"http:\/\/lumiflag.de\/wp-content\/uploads\/2019\/11\/Kopf.png\" alt=\"\" class=\"wp-image-455 size-full\" srcset=\"http:\/\/uhuhilf.de\/wp-content\/uploads\/2019\/11\/Kopf.png 916w, http:\/\/uhuhilf.de\/wp-content\/uploads\/2019\/11\/Kopf-300x289.png 300w, http:\/\/uhuhilf.de\/wp-content\/uploads\/2019\/11\/Kopf-768x739.png 768w\" sizes=\"auto, (max-width: 916px) 100vw, 916px\" \/><\/figure><\/div>\n\n\n\n<div class=\"wp-block-media-text alignwide has-background has-cyan-bluish-gray-background-color\"><figure class=\"wp-block-media-text__media\"><img loading=\"lazy\" decoding=\"async\" width=\"916\" height=\"881\" src=\"http:\/\/lumiflag.de\/wp-content\/uploads\/2019\/11\/Hemdenkragen.png\" alt=\"\" class=\"wp-image-456 size-full\" srcset=\"http:\/\/uhuhilf.de\/wp-content\/uploads\/2019\/11\/Hemdenkragen.png 916w, http:\/\/uhuhilf.de\/wp-content\/uploads\/2019\/11\/Hemdenkragen-300x289.png 300w, http:\/\/uhuhilf.de\/wp-content\/uploads\/2019\/11\/Hemdenkragen-768x739.png 768w\" sizes=\"auto, (max-width: 916px) 100vw, 916px\" \/><\/figure><div class=\"wp-block-media-text__content\">\n<p class=\"has-large-font-size\">Hemdkragen<\/p>\n\n\n\n<p>mit dem Ritternamen besticken<\/p>\n<\/div><\/div>\n\n\n\n<div class=\"wp-block-media-text alignwide has-media-on-the-right has-background has-cyan-bluish-gray-background-color\"><div class=\"wp-block-media-text__content\">\n<p class=\"has-large-font-size\">Fliege<\/p>\n\n\n\n<p>in den Reychsfarben<\/p>\n<\/div><figure class=\"wp-block-media-text__media\"><img loading=\"lazy\" decoding=\"async\" width=\"916\" height=\"881\" src=\"http:\/\/lumiflag.de\/wp-content\/uploads\/2019\/11\/Fliege.png\" alt=\"\" class=\"wp-image-457 size-full\" srcset=\"http:\/\/uhuhilf.de\/wp-content\/uploads\/2019\/11\/Fliege.png 916w, http:\/\/uhuhilf.de\/wp-content\/uploads\/2019\/11\/Fliege-300x289.png 300w, http:\/\/uhuhilf.de\/wp-content\/uploads\/2019\/11\/Fliege-768x739.png 768w\" sizes=\"auto, (max-width: 916px) 100vw, 916px\" \/><\/figure><\/div>\n\n\n\n<div class=\"wp-block-media-text alignwide has-background has-cyan-bluish-gray-background-color\"><figure class=\"wp-block-media-text__media\"><img loading=\"lazy\" decoding=\"async\" width=\"916\" height=\"882\" src=\"http:\/\/lumiflag.de\/wp-content\/uploads\/2019\/11\/Bucheinband.png\" alt=\"\" class=\"wp-image-458 size-full\" srcset=\"http:\/\/uhuhilf.de\/wp-content\/uploads\/2019\/11\/Bucheinband.png 916w, http:\/\/uhuhilf.de\/wp-content\/uploads\/2019\/11\/Bucheinband-300x289.png 300w, http:\/\/uhuhilf.de\/wp-content\/uploads\/2019\/11\/Bucheinband-768x739.png 768w\" sizes=\"auto, (max-width: 916px) 100vw, 916px\" \/><\/figure><div class=\"wp-block-media-text__content\">\n<p class=\"has-large-font-size\">Bucheinband<\/p>\n\n\n\n<p>f\u00fcr die Fechsungen<\/p>\n<\/div><\/div>\n\n\n\n<div class=\"wp-block-media-text alignwide has-media-on-the-right has-background has-cyan-bluish-gray-background-color\"><div class=\"wp-block-media-text__content\">\n<p class=\"has-large-font-size\">Servietten<\/p>\n\n\n\n<p>f\u00fcr die schlaraffischen G\u00e4ste<\/p>\n<\/div><figure class=\"wp-block-media-text__media\"><img loading=\"lazy\" decoding=\"async\" width=\"916\" height=\"881\" src=\"http:\/\/lumiflag.de\/wp-content\/uploads\/2019\/11\/Servietten.png\" alt=\"\" class=\"wp-image-459 size-full\" srcset=\"http:\/\/uhuhilf.de\/wp-content\/uploads\/2019\/11\/Servietten.png 916w, http:\/\/uhuhilf.de\/wp-content\/uploads\/2019\/11\/Servietten-300x289.png 300w, http:\/\/uhuhilf.de\/wp-content\/uploads\/2019\/11\/Servietten-768x739.png 768w\" sizes=\"auto, (max-width: 916px) 100vw, 916px\" \/><\/figure><\/div>\n\n\n\n<div class=\"wp-block-media-text alignwide has-background has-cyan-bluish-gray-background-color\"><figure class=\"wp-block-media-text__media\"><img loading=\"lazy\" decoding=\"async\" width=\"900\" height=\"599\" src=\"http:\/\/lumiflag.de\/wp-content\/uploads\/2019\/11\/303_gr_tischdecke-13.jpg\" alt=\"\" class=\"wp-image-460 size-full\" srcset=\"http:\/\/uhuhilf.de\/wp-content\/uploads\/2019\/11\/303_gr_tischdecke-13.jpg 900w, http:\/\/uhuhilf.de\/wp-content\/uploads\/2019\/11\/303_gr_tischdecke-13-300x200.jpg 300w, http:\/\/uhuhilf.de\/wp-content\/uploads\/2019\/11\/303_gr_tischdecke-13-768x511.jpg 768w, http:\/\/uhuhilf.de\/wp-content\/uploads\/2019\/11\/303_gr_tischdecke-13-272x182.jpg 272w\" sizes=\"auto, (max-width: 900px) 100vw, 900px\" \/><\/figure><div class=\"wp-block-media-text__content\">\n<p class=\"has-large-font-size\">Die G\u00e4ste Tischdecke<\/p>\n\n\n\n<p>Der Gast schreibt auf die Decke und wir sticken das Geschiebene nach.<\/p>\n<\/div><\/div>\n\n\n<hr>\n<hr>\n\n\n<div class=\"wp-block-columns is-layout-flex wp-container-core-columns-is-layout-9d6595d7 wp-block-columns-is-layout-flex\">\n<div class=\"wp-block-column is-layout-flow wp-block-column-is-layout-flow\" style=\"flex-basis:100%\"><div\n\t\t\t\n\t\t\tclass=\"so-widget-sow-button so-widget-sow-button-atom-d2ffc4a956b5\"\n\t\t\t\n\t\t><div class=\"ow-button-base ow-button-align-center\"\n>\n\t\t\t<a\n\t\t\t\t\thref=\"http:\/\/www.fahnen-koch.de\"\n\t\t\t\t\tclass=\"sowb-button ow-icon-placement-left ow-button-hover\" \t>\n\t\t<span>\n\t\t\t<span class=\"sow-icon-fontawesome sow-fab\" data-sow-icon=\"&#xf39a;\"\n\t\tstyle=\"color: #ffe923\" \n\t\taria-hidden=\"true\"><\/span>\n\t\t\tUnsere profahne Frohnburg\t\t<\/span>\n\t\t\t<\/a>\n\t<\/div>\n<\/div><\/div>\n<\/div>\n\n\n<\/p>\n<hr>\n<hr>\n\n<div id=\"pl-gb15-69dece02a5aa1\"  class=\"panel-layout\" ><div id=\"pg-gb15-69dece02a5aa1-0\"  class=\"panel-grid panel-no-style\" ><div id=\"pgc-gb15-69dece02a5aa1-0-0\"  class=\"panel-grid-cell\" ><div id=\"panel-gb15-69dece02a5aa1-0-0-0\" class=\"so-panel widget widget_sow-button panel-first-child panel-last-child\" data-index=\"0\" ><div\n\t\t\t\n\t\t\tclass=\"so-widget-sow-button so-widget-sow-button-atom-c3171c2e480e-15\"\n\t\t\t\n\t\t><div class=\"ow-button-base ow-button-align-center\"\n>\n\t\t\t<a\n\t\t\t\t\thref=\"http:\/\/fan-goch.de\/\"\n\t\t\t\t\tclass=\"sowb-button ow-icon-placement-top ow-button-hover\" \t>\n\t\t<span>\n\t\t\t<span class=\"sow-icon-fontawesome sow-fab\" data-sow-icon=\"&#xf39a;\"\n\t\tstyle=\"color: #eded00\" \n\t\taria-hidden=\"true\"><\/span>\n\t\t\tZu den Geneisenau&#8217;s &#8211; hier findet ihr das Vademecum (27) &#8211; Ausrittskarten und Portr\u00e4ts aus der Feder vom Fan-Goch\t\t<\/span>\n\t\t\t<\/a>\n\t<\/div>\n<\/div><\/div><\/div><\/div><\/div>\n\n<\/p>\n<hr>\n<hr>\n\n<div id=\"pl-gb15-69dece02a6d47\"  class=\"panel-layout\" ><div id=\"pg-gb15-69dece02a6d47-0\"  class=\"panel-grid panel-no-style\" ><div id=\"pgc-gb15-69dece02a6d47-0-0\"  class=\"panel-grid-cell\" ><div id=\"panel-gb15-69dece02a6d47-0-0-0\" class=\"so-panel widget widget_media_image panel-first-child panel-last-child\" data-index=\"0\" ><div style=\"width: 422px\" class=\"wp-caption alignnone\"><a href=\"http:\/\/www.fahnen-koch.de\"><img loading=\"lazy\" decoding=\"async\" width=\"412\" height=\"158\" src=\"http:\/\/uhuhilf.de\/wp-content\/uploads\/2023\/12\/Firmenlogo_FAKOTHUE.png\" class=\"image wp-image-575  attachment-full size-full\" alt=\"Firmenlogo der Manufaktur\" style=\"max-width: 100%; height: auto;\" srcset=\"http:\/\/uhuhilf.de\/wp-content\/uploads\/2023\/12\/Firmenlogo_FAKOTHUE.png 412w, http:\/\/uhuhilf.de\/wp-content\/uploads\/2023\/12\/Firmenlogo_FAKOTHUE-300x115.png 300w\" sizes=\"auto, (max-width: 412px) 100vw, 412px\" \/><\/a><p class=\"wp-caption-text\">Unser Firmenlogo<\/p><\/div><\/div><\/div><div id=\"pgc-gb15-69dece02a6d47-0-1\"  class=\"panel-grid-cell\" ><div id=\"panel-gb15-69dece02a6d47-0-1-0\" class=\"so-panel widget widget_media_image panel-first-child panel-last-child\" data-index=\"1\" ><img loading=\"lazy\" decoding=\"async\" width=\"111\" height=\"143\" src=\"http:\/\/uhuhilf.de\/wp-content\/uploads\/2019\/11\/Die-Gneisenaus-sehr-kl.png\" class=\"image wp-image-50  attachment-116x150 size-116x150\" alt=\"\" style=\"max-width: 100%; height: auto;\" \/><\/div><\/div><div id=\"pgc-gb15-69dece02a6d47-0-2\"  class=\"panel-grid-cell\" ><div id=\"panel-gb15-69dece02a6d47-0-2-0\" class=\"so-panel widget widget_media_image panel-first-child panel-last-child\" data-index=\"2\" ><img loading=\"lazy\" decoding=\"async\" width=\"143\" height=\"200\" src=\"http:\/\/uhuhilf.de\/wp-content\/uploads\/2019\/11\/Fan-Fan-214x300.png\" class=\"image wp-image-215  attachment-143x200 size-143x200\" alt=\"\" style=\"max-width: 100%; height: auto;\" srcset=\"http:\/\/uhuhilf.de\/wp-content\/uploads\/2019\/11\/Fan-Fan-214x300.png 214w, http:\/\/uhuhilf.de\/wp-content\/uploads\/2019\/11\/Fan-Fan-768x1077.png 768w, http:\/\/uhuhilf.de\/wp-content\/uploads\/2019\/11\/Fan-Fan-730x1024.png 730w, http:\/\/uhuhilf.de\/wp-content\/uploads\/2019\/11\/Fan-Fan.png 805w\" sizes=\"auto, (max-width: 143px) 100vw, 143px\" \/><\/div><\/div><div id=\"pgc-gb15-69dece02a6d47-0-3\"  class=\"panel-grid-cell\" ><div id=\"panel-gb15-69dece02a6d47-0-3-0\" class=\"so-panel widget widget_media_image panel-first-child panel-last-child\" data-index=\"3\" ><img loading=\"lazy\" decoding=\"async\" width=\"143\" height=\"200\" src=\"http:\/\/uhuhilf.de\/wp-content\/uploads\/2019\/11\/Fan-Goch-214x300.png\" class=\"image wp-image-216  attachment-143x200 size-143x200\" alt=\"\" style=\"max-width: 100%; height: auto;\" srcset=\"http:\/\/uhuhilf.de\/wp-content\/uploads\/2019\/11\/Fan-Goch-214x300.png 214w, http:\/\/uhuhilf.de\/wp-content\/uploads\/2019\/11\/Fan-Goch-768x1077.png 768w, http:\/\/uhuhilf.de\/wp-content\/uploads\/2019\/11\/Fan-Goch-730x1024.png 730w, http:\/\/uhuhilf.de\/wp-content\/uploads\/2019\/11\/Fan-Goch.png 806w\" sizes=\"auto, (max-width: 143px) 100vw, 143px\" \/><\/div><\/div><\/div><\/div>","protected":false},"excerpt":{"rendered":"<p>Mini-Helm als Platz Reservierer f\u00fcr die Burgkfrau oder Andenken an den Burgkherren Kopf zum Trocknen des Ritterhelms Hemdkragen mit dem Ritternamen besticken Fliege in den Reychsfarben Bucheinband f\u00fcr die Fechsungen Servietten f\u00fcr die schlaraffischen G\u00e4ste Die G\u00e4ste Tischdecke Der Gast schreibt auf die Decke und wir sticken das Geschiebene nach.<\/p>\n","protected":false},"author":1,"featured_media":0,"parent":0,"menu_order":0,"comment_status":"closed","ping_status":"closed","template":"","meta":{"footnotes":""},"class_list":["post-15","page","type-page","status-publish","hentry"],"aioseo_notices":[],"_links":{"self":[{"href":"http:\/\/uhuhilf.de\/index.php?rest_route=\/wp\/v2\/pages\/15","targetHints":{"allow":["GET"]}}],"collection":[{"href":"http:\/\/uhuhilf.de\/index.php?rest_route=\/wp\/v2\/pages"}],"about":[{"href":"http:\/\/uhuhilf.de\/index.php?rest_route=\/wp\/v2\/types\/page"}],"author":[{"embeddable":true,"href":"http:\/\/uhuhilf.de\/index.php?rest_route=\/wp\/v2\/users\/1"}],"replies":[{"embeddable":true,"href":"http:\/\/uhuhilf.de\/index.php?rest_route=%2Fwp%2Fv2%2Fcomments&post=15"}],"version-history":[{"count":0,"href":"http:\/\/uhuhilf.de\/index.php?rest_route=\/wp\/v2\/pages\/15\/revisions"}],"wp:attachment":[{"href":"http:\/\/uhuhilf.de\/index.php?rest_route=%2Fwp%2Fv2%2Fmedia&parent=15"}],"curies":[{"name":"wp","href":"https:\/\/api.w.org\/{rel}","templated":true}]}}