{"id":126,"date":"2019-11-10T11:03:34","date_gmt":"2019-11-10T11:03:34","guid":{"rendered":"http:\/\/lumiflag.de\/?page_id=126"},"modified":"2019-11-10T11:09:05","modified_gmt":"2019-11-10T11:09:05","slug":"impressum","status":"publish","type":"page","link":"http:\/\/uhuhilf.de\/?page_id=126","title":{"rendered":"Impressum"},"content":{"rendered":"\n<h1 class=\"wp-block-heading\">Rechtliches<\/h1>\n\n\n\n<h2 class=\"wp-block-heading\">Haftungsausschluss<\/h2>\n\n\n\n<p>1. Inhalt des Onlineangebotes \n<\/p>\n\n\n\n<p><br>   Der Autor \u00fcbernimmt keinerlei Gew\u00e4hr f\u00fcr die Aktualit\u00e4t,  Korrektheit,    Vollst\u00e4ndigkeit oder Qualit\u00e4t der bereitgestellten  Informationen.    Haftungsanspr\u00fcche gegen den Autor, welche sich auf  Sch\u00e4den materieller   oder  ideeller Art beziehen, die durch die Nutzung  oder Nichtnutzung der   dargebotenen  Informationen bzw. durch die  Nutzung fehlerhafter und   unvollst\u00e4ndiger  Informationen verursacht  wurden sind grunds\u00e4tzlich   ausgeschlossen, sofern  seitens des Autors  kein nachweislich   vors\u00e4tzliches oder grob fahrl\u00e4ssiges  Verschulden  vorliegt.<br> Alle   Angebote sind freibleibend und unverbindlich. Der  Autor  beh\u00e4lt es sich   ausdr\u00fccklich vor, Teile der Seiten oder das  gesamte Angebot ohne    gesonderte Ank\u00fcndigung zu ver\u00e4ndern, zu  erg\u00e4nzen, zu l\u00f6schen oder die    Ver\u00f6ffentlichung zeitweise oder  endg\u00fcltig einzustellen.<br><br><strong>2. Verweise und Links<\/strong><br><br>    Bei direkten oder indirekten Verweisen auf fremde Internetseiten    (&#8222;Links&#8220;), die  au\u00dferhalb des Verantwortungsbereiches des Autors liegen,    w\u00fcrde eine  Haftungsverpflichtung ausschlie\u00dflich in dem Fall in Kraft    treten, in dem der  Autor von den Inhalten Kenntnis hat und es ihm    technisch m\u00f6glich und zumutbar  w\u00e4re, die Nutzung im Falle    rechtswidriger Inhalte zu verhindern.<br> Der Autor erkl\u00e4rt hiermit    ausdr\u00fccklich, dass zum Zeitpunkt der Linksetzung die  entsprechenden    verlinkten Seiten frei von illegalen Inhalten waren. Auf die  aktuelle    und zuk\u00fcnftige Gestaltung, die Inhalte oder die Urheberschaft der     gelinkten\/verkn\u00fcpften Seiten hat der Autor keinerlei Einfluss. Deshalb     distanziert er sich hiermit ausdr\u00fccklich von allen Inhalten aller    gelinkten  \/verkn\u00fcpften Seiten, die nach der Linksetzung ver\u00e4ndert    wurden. Diese  Feststellung gilt f\u00fcr alle innerhalb des eigenen    Internetangebotes gesetzten  Links und Verweise sowie f\u00fcr Fremdeintr\u00e4ge    in vom Autor eingerichteten  G\u00e4steb\u00fcchern, Diskussionsforen und    Mailinglisten. F\u00fcr illegale, fehlerhafte oder  unvollst\u00e4ndige Inhalte    und insbesondere f\u00fcr Sch\u00e4den, die aus der Nutzung oder  Nichtnutzung    solcherart dargebotener Informationen entstehen, haftet allein der     Anbieter der Seite, auf welche verwiesen wurde, nicht derjenige, der    \u00fcber Links  auf die jeweilige Ver\u00f6ffentlichung lediglich verweist.<br><br><strong>3. Urheber- und Kennzeichenrecht<\/strong><br><br>    Der Autor ist bestrebt, in allen Publikationen die Urheberrechte der    verwendeten  Grafiken, Tondokumente, Videosequenzen und Texte zu    beachten, von ihm selbst  erstellte Grafiken, Tondokumente,    Videosequenzen und Texte zu nutzen oder auf  lizenzfreie Grafiken,    Tondokumente, Videosequenzen und Texte zur\u00fcckzugreifen.<br> Alle    innerhalb des Internetangebotes genannten und ggf. durch Dritte    gesch\u00fctzten  Marken- und Warenzeichen unterliegen uneingeschr\u00e4nkt den    Bestimmungen des  jeweils g\u00fcltigen Kennzeichenrechts und den    Besitzrechten der jeweiligen  eingetragenen Eigent\u00fcmer. Allein aufgrund    der blo\u00dfen Nennung ist nicht der  Schluss zu ziehen, dass  Markenzeichen   nicht durch Rechte Dritter gesch\u00fctzt sind!<br> Das  Copyright f\u00fcr   ver\u00f6ffentlichte, vom Autor selbst erstellte Objekte  bleibt  allein beim   Autor der Seiten. Eine Vervielf\u00e4ltigung oder  Verwendung solcher    Grafiken, Tondokumente, Videosequenzen und Texte  in anderen   elektronischen oder  gedruckten Publikationen ist ohne  ausdr\u00fcckliche   Zustimmung des Autors nicht  gestattet.<br><br><strong>4. Datenschutz<\/strong><br><br>    Sofern innerhalb des Internetangebotes die M\u00f6glichkeit zur Eingabe    pers\u00f6nlicher  oder gesch\u00e4ftlicher Daten (Emailadressen, Namen,    Anschriften) besteht, so  erfolgt die Preisgabe dieser Daten seitens des    Nutzers auf ausdr\u00fccklich  freiwilliger Basis. Die Inanspruchnahme und    Bezahlung aller angebotenen Dienste  ist &#8211; soweit technisch m\u00f6glich  und   zumutbar &#8211; auch ohne Angabe solcher Daten  bzw. unter Angabe    anonymisierter Daten oder eines Pseudonyms gestattet.  Kundenbezogene    Daten werden ausschlie\u00dflich f\u00fcr die eigene Kundenpflege  (Zusendung von    Informationen) verwendet. Die Weitergabe an Dritte ist   Ausgeschlossen.   Der Kunde stimmt der Verwendung seiner Daten in diesem  Sinne zu.<br><br><strong>5. Rechtswirksamkeit dieses Haftungsausschlusses<\/strong><br><br>    Dieser Haftungsausschluss ist als Teil des Internetangebotes zu    betrachten, von  dem aus auf diese Seite verwiesen wurde. Sofern Teile    oder einzelne  Formulierungen dieses Textes der geltenden Rechtslage    nicht, nicht mehr oder  nicht vollst\u00e4ndig entsprechen sollten, bleiben    die \u00fcbrigen Teile des Dokumentes  in ihrem Inhalt und ihrer G\u00fcltigkeit    davon unber\u00fchrt.  \n<\/p>\n\n\n\n<p><strong>Fahnen Koch Coburger Fahnenfabrik Bayerische Flaggendruckerei Th\u00fcringer Fahnenfabrik GmbH <\/strong><\/p>\n\n\n\n<p>Querstra\u00dfe 8<br>  96450 Coburg   \n<\/p>\n\n\n\n<p>&nbsp;Telefon: 09561 55 27 0   \n<\/p>\n\n\n\n<p>Telefax: 09561 55 27 23 \n<\/p>\n\n\n\n<p>info@fahnen-koch.de<\/p>\n\n\n\n<h1 class=\"wp-block-heading\"><\/h1>\n","protected":false},"excerpt":{"rendered":"<p>Rechtliches Haftungsausschluss 1. Inhalt des Onlineangebotes Der Autor \u00fcbernimmt keinerlei Gew\u00e4hr f\u00fcr die Aktualit\u00e4t, Korrektheit, Vollst\u00e4ndigkeit oder Qualit\u00e4t der bereitgestellten Informationen. Haftungsanspr\u00fcche gegen den Autor, welche sich auf Sch\u00e4den materieller oder ideeller Art beziehen, die durch die Nutzung oder Nichtnutzung der dargebotenen Informationen bzw. durch die Nutzung fehlerhafter und unvollst\u00e4ndiger Informationen verursacht wurden sind grunds\u00e4tzlich&hellip; <br \/> <a class=\"read-more\" href=\"http:\/\/uhuhilf.de\/?page_id=126\">Weiterlesen<\/a><\/p>\n","protected":false},"author":1,"featured_media":0,"parent":0,"menu_order":0,"comment_status":"closed","ping_status":"closed","template":"templates\/template_page-full-width.php","meta":{"footnotes":""},"class_list":["post-126","page","type-page","status-publish","hentry"],"aioseo_notices":[],"_links":{"self":[{"href":"http:\/\/uhuhilf.de\/index.php?rest_route=\/wp\/v2\/pages\/126","targetHints":{"allow":["GET"]}}],"collection":[{"href":"http:\/\/uhuhilf.de\/index.php?rest_route=\/wp\/v2\/pages"}],"about":[{"href":"http:\/\/uhuhilf.de\/index.php?rest_route=\/wp\/v2\/types\/page"}],"author":[{"embeddable":true,"href":"http:\/\/uhuhilf.de\/index.php?rest_route=\/wp\/v2\/users\/1"}],"replies":[{"embeddable":true,"href":"http:\/\/uhuhilf.de\/index.php?rest_route=%2Fwp%2Fv2%2Fcomments&post=126"}],"version-history":[{"count":0,"href":"http:\/\/uhuhilf.de\/index.php?rest_route=\/wp\/v2\/pages\/126\/revisions"}],"wp:attachment":[{"href":"http:\/\/uhuhilf.de\/index.php?rest_route=%2Fwp%2Fv2%2Fmedia&parent=126"}],"curies":[{"name":"wp","href":"https:\/\/api.w.org\/{rel}","templated":true}]}}